{"id":6419,"date":"2026-01-26T16:40:04","date_gmt":"2026-01-26T15:40:04","guid":{"rendered":"https:\/\/www.labozero.org\/?page_id=6419"},"modified":"2026-01-26T16:40:04","modified_gmt":"2026-01-26T15:40:04","slug":"bilan-2025","status":"publish","type":"page","link":"https:\/\/www.labozero.org\/index.php\/bilan-2025\/","title":{"rendered":"Bilan 2025"},"content":{"rendered":"\n\n\n<figure class=\"wp-block-image size-large\"><img loading=\"lazy\" decoding=\"async\" width=\"724\" height=\"1024\" src=\"https:\/\/www.labozero.org\/wp-content\/uploads\/2026\/01\/bilan_leo_2025-1-724x1024.jpg\" alt=\"\" class=\"wp-image-6436\" srcset=\"https:\/\/www.labozero.org\/wp-content\/uploads\/2026\/01\/bilan_leo_2025-1-724x1024.jpg 724w, https:\/\/www.labozero.org\/wp-content\/uploads\/2026\/01\/bilan_leo_2025-1-212x300.jpg 212w, https:\/\/www.labozero.org\/wp-content\/uploads\/2026\/01\/bilan_leo_2025-1-768x1086.jpg 768w, https:\/\/www.labozero.org\/wp-content\/uploads\/2026\/01\/bilan_leo_2025-1-1086x1536.jpg 1086w, https:\/\/www.labozero.org\/wp-content\/uploads\/2026\/01\/bilan_leo_2025-1-1448x2048.jpg 1448w, https:\/\/www.labozero.org\/wp-content\/uploads\/2026\/01\/bilan_leo_2025-1-1140x1613.jpg 1140w, https:\/\/www.labozero.org\/wp-content\/uploads\/2026\/01\/bilan_leo_2025-1-1320x1867.jpg 1320w, https:\/\/www.labozero.org\/wp-content\/uploads\/2026\/01\/bilan_leo_2025-1-scaled.jpg 1810w\" sizes=\"auto, (max-width: 724px) 100vw, 724px\" \/><\/figure>\n\n\n\n<figure class=\"wp-block-gallery has-nested-images columns-1 is-cropped wp-block-gallery-1 is-layout-flex wp-block-gallery-is-layout-flex\">\n<figure class=\"wp-block-image size-large\"><img loading=\"lazy\" decoding=\"async\" width=\"724\" height=\"1024\" data-id=\"6428\" src=\"https:\/\/www.labozero.org\/wp-content\/uploads\/2026\/01\/bilan_leo_20252-724x1024.jpg\" alt=\"\" class=\"wp-image-6428\" srcset=\"https:\/\/www.labozero.org\/wp-content\/uploads\/2026\/01\/bilan_leo_20252-724x1024.jpg 724w, https:\/\/www.labozero.org\/wp-content\/uploads\/2026\/01\/bilan_leo_20252-212x300.jpg 212w, https:\/\/www.labozero.org\/wp-content\/uploads\/2026\/01\/bilan_leo_20252-768x1086.jpg 768w, https:\/\/www.labozero.org\/wp-content\/uploads\/2026\/01\/bilan_leo_20252-1086x1536.jpg 1086w, https:\/\/www.labozero.org\/wp-content\/uploads\/2026\/01\/bilan_leo_20252-1448x2048.jpg 1448w, https:\/\/www.labozero.org\/wp-content\/uploads\/2026\/01\/bilan_leo_20252-1140x1613.jpg 1140w, https:\/\/www.labozero.org\/wp-content\/uploads\/2026\/01\/bilan_leo_20252-1320x1867.jpg 1320w, https:\/\/www.labozero.org\/wp-content\/uploads\/2026\/01\/bilan_leo_20252-scaled.jpg 1810w\" sizes=\"auto, (max-width: 724px) 100vw, 724px\" \/><\/figure>\n\n\n\n<figure class=\"wp-block-image size-large\"><img loading=\"lazy\" decoding=\"async\" width=\"724\" height=\"1024\" data-id=\"6429\" src=\"https:\/\/www.labozero.org\/wp-content\/uploads\/2026\/01\/bilan_leo_20253-724x1024.jpg\" alt=\"\" class=\"wp-image-6429\" srcset=\"https:\/\/www.labozero.org\/wp-content\/uploads\/2026\/01\/bilan_leo_20253-724x1024.jpg 724w, https:\/\/www.labozero.org\/wp-content\/uploads\/2026\/01\/bilan_leo_20253-212x300.jpg 212w, https:\/\/www.labozero.org\/wp-content\/uploads\/2026\/01\/bilan_leo_20253-768x1086.jpg 768w, https:\/\/www.labozero.org\/wp-content\/uploads\/2026\/01\/bilan_leo_20253-1086x1536.jpg 1086w, https:\/\/www.labozero.org\/wp-content\/uploads\/2026\/01\/bilan_leo_20253-1448x2048.jpg 1448w, https:\/\/www.labozero.org\/wp-content\/uploads\/2026\/01\/bilan_leo_20253-1140x1613.jpg 1140w, https:\/\/www.labozero.org\/wp-content\/uploads\/2026\/01\/bilan_leo_20253-1320x1867.jpg 1320w, https:\/\/www.labozero.org\/wp-content\/uploads\/2026\/01\/bilan_leo_20253-scaled.jpg 1810w\" sizes=\"auto, (max-width: 724px) 100vw, 724px\" \/><\/figure>\n\n\n\n<figure class=\"wp-block-image size-large\"><img loading=\"lazy\" decoding=\"async\" width=\"724\" height=\"1024\" data-id=\"6430\" src=\"https:\/\/www.labozero.org\/wp-content\/uploads\/2026\/01\/bilan_leo_20254-724x1024.jpg\" alt=\"\" class=\"wp-image-6430\" srcset=\"https:\/\/www.labozero.org\/wp-content\/uploads\/2026\/01\/bilan_leo_20254-724x1024.jpg 724w, https:\/\/www.labozero.org\/wp-content\/uploads\/2026\/01\/bilan_leo_20254-212x300.jpg 212w, https:\/\/www.labozero.org\/wp-content\/uploads\/2026\/01\/bilan_leo_20254-768x1086.jpg 768w, https:\/\/www.labozero.org\/wp-content\/uploads\/2026\/01\/bilan_leo_20254-1086x1536.jpg 1086w, https:\/\/www.labozero.org\/wp-content\/uploads\/2026\/01\/bilan_leo_20254-1448x2048.jpg 1448w, https:\/\/www.labozero.org\/wp-content\/uploads\/2026\/01\/bilan_leo_20254-1140x1613.jpg 1140w, https:\/\/www.labozero.org\/wp-content\/uploads\/2026\/01\/bilan_leo_20254-1320x1867.jpg 1320w, https:\/\/www.labozero.org\/wp-content\/uploads\/2026\/01\/bilan_leo_20254-scaled.jpg 1810w\" sizes=\"auto, (max-width: 724px) 100vw, 724px\" \/><\/figure>\n\n\n\n<figure class=\"wp-block-image size-large\"><img loading=\"lazy\" decoding=\"async\" width=\"724\" height=\"1024\" data-id=\"6424\" src=\"https:\/\/www.labozero.org\/wp-content\/uploads\/2026\/01\/bilan_leo_20255-724x1024.jpg\" alt=\"\" class=\"wp-image-6424\" srcset=\"https:\/\/www.labozero.org\/wp-content\/uploads\/2026\/01\/bilan_leo_20255-724x1024.jpg 724w, https:\/\/www.labozero.org\/wp-content\/uploads\/2026\/01\/bilan_leo_20255-212x300.jpg 212w, https:\/\/www.labozero.org\/wp-content\/uploads\/2026\/01\/bilan_leo_20255-768x1086.jpg 768w, https:\/\/www.labozero.org\/wp-content\/uploads\/2026\/01\/bilan_leo_20255-1086x1536.jpg 1086w, https:\/\/www.labozero.org\/wp-content\/uploads\/2026\/01\/bilan_leo_20255-1448x2048.jpg 1448w, https:\/\/www.labozero.org\/wp-content\/uploads\/2026\/01\/bilan_leo_20255-1140x1613.jpg 1140w, https:\/\/www.labozero.org\/wp-content\/uploads\/2026\/01\/bilan_leo_20255-1320x1867.jpg 1320w, https:\/\/www.labozero.org\/wp-content\/uploads\/2026\/01\/bilan_leo_20255-scaled.jpg 1810w\" sizes=\"auto, (max-width: 724px) 100vw, 724px\" \/><\/figure>\n\n\n\n<figure class=\"wp-block-image size-large\"><img loading=\"lazy\" decoding=\"async\" width=\"724\" height=\"1024\" data-id=\"6423\" src=\"https:\/\/www.labozero.org\/wp-content\/uploads\/2026\/01\/bilan_leo_20256-724x1024.jpg\" alt=\"\" class=\"wp-image-6423\" srcset=\"https:\/\/www.labozero.org\/wp-content\/uploads\/2026\/01\/bilan_leo_20256-724x1024.jpg 724w, https:\/\/www.labozero.org\/wp-content\/uploads\/2026\/01\/bilan_leo_20256-212x300.jpg 212w, https:\/\/www.labozero.org\/wp-content\/uploads\/2026\/01\/bilan_leo_20256-768x1086.jpg 768w, https:\/\/www.labozero.org\/wp-content\/uploads\/2026\/01\/bilan_leo_20256-1086x1536.jpg 1086w, https:\/\/www.labozero.org\/wp-content\/uploads\/2026\/01\/bilan_leo_20256-1448x2048.jpg 1448w, https:\/\/www.labozero.org\/wp-content\/uploads\/2026\/01\/bilan_leo_20256-1140x1613.jpg 1140w, https:\/\/www.labozero.org\/wp-content\/uploads\/2026\/01\/bilan_leo_20256-1320x1867.jpg 1320w, https:\/\/www.labozero.org\/wp-content\/uploads\/2026\/01\/bilan_leo_20256-scaled.jpg 1810w\" sizes=\"auto, (max-width: 724px) 100vw, 724px\" \/><\/figure>\n\n\n\n<figure class=\"wp-block-image size-large\"><img loading=\"lazy\" decoding=\"async\" width=\"724\" height=\"1024\" data-id=\"6422\" src=\"https:\/\/www.labozero.org\/wp-content\/uploads\/2026\/01\/bilan_leo_20257-724x1024.jpg\" alt=\"\" class=\"wp-image-6422\" srcset=\"https:\/\/www.labozero.org\/wp-content\/uploads\/2026\/01\/bilan_leo_20257-724x1024.jpg 724w, https:\/\/www.labozero.org\/wp-content\/uploads\/2026\/01\/bilan_leo_20257-212x300.jpg 212w, https:\/\/www.labozero.org\/wp-content\/uploads\/2026\/01\/bilan_leo_20257-768x1086.jpg 768w, https:\/\/www.labozero.org\/wp-content\/uploads\/2026\/01\/bilan_leo_20257-1086x1536.jpg 1086w, https:\/\/www.labozero.org\/wp-content\/uploads\/2026\/01\/bilan_leo_20257-1448x2048.jpg 1448w, https:\/\/www.labozero.org\/wp-content\/uploads\/2026\/01\/bilan_leo_20257-1140x1613.jpg 1140w, https:\/\/www.labozero.org\/wp-content\/uploads\/2026\/01\/bilan_leo_20257-1320x1867.jpg 1320w, https:\/\/www.labozero.org\/wp-content\/uploads\/2026\/01\/bilan_leo_20257-scaled.jpg 1810w\" sizes=\"auto, (max-width: 724px) 100vw, 724px\" \/><\/figure>\n\n\n\n<figure class=\"wp-block-image size-large\"><img loading=\"lazy\" decoding=\"async\" width=\"724\" height=\"1024\" data-id=\"6421\" src=\"https:\/\/www.labozero.org\/wp-content\/uploads\/2026\/01\/bilan_leo_20258-724x1024.jpg\" alt=\"\" class=\"wp-image-6421\" srcset=\"https:\/\/www.labozero.org\/wp-content\/uploads\/2026\/01\/bilan_leo_20258-724x1024.jpg 724w, https:\/\/www.labozero.org\/wp-content\/uploads\/2026\/01\/bilan_leo_20258-212x300.jpg 212w, https:\/\/www.labozero.org\/wp-content\/uploads\/2026\/01\/bilan_leo_20258-768x1086.jpg 768w, https:\/\/www.labozero.org\/wp-content\/uploads\/2026\/01\/bilan_leo_20258-1086x1536.jpg 1086w, https:\/\/www.labozero.org\/wp-content\/uploads\/2026\/01\/bilan_leo_20258-1448x2048.jpg 1448w, https:\/\/www.labozero.org\/wp-content\/uploads\/2026\/01\/bilan_leo_20258-1140x1613.jpg 1140w, https:\/\/www.labozero.org\/wp-content\/uploads\/2026\/01\/bilan_leo_20258-1320x1867.jpg 1320w, https:\/\/www.labozero.org\/wp-content\/uploads\/2026\/01\/bilan_leo_20258-scaled.jpg 1810w\" sizes=\"auto, (max-width: 724px) 100vw, 724px\" \/><\/figure>\n\n\n\n<figure class=\"wp-block-image size-large\"><img loading=\"lazy\" decoding=\"async\" width=\"724\" height=\"1024\" data-id=\"6420\" src=\"https:\/\/www.labozero.org\/wp-content\/uploads\/2026\/01\/bilan_leo_20259-724x1024.jpg\" alt=\"\" class=\"wp-image-6420\" srcset=\"https:\/\/www.labozero.org\/wp-content\/uploads\/2026\/01\/bilan_leo_20259-724x1024.jpg 724w, https:\/\/www.labozero.org\/wp-content\/uploads\/2026\/01\/bilan_leo_20259-212x300.jpg 212w, https:\/\/www.labozero.org\/wp-content\/uploads\/2026\/01\/bilan_leo_20259-768x1086.jpg 768w, https:\/\/www.labozero.org\/wp-content\/uploads\/2026\/01\/bilan_leo_20259-1086x1536.jpg 1086w, https:\/\/www.labozero.org\/wp-content\/uploads\/2026\/01\/bilan_leo_20259-1448x2048.jpg 1448w, https:\/\/www.labozero.org\/wp-content\/uploads\/2026\/01\/bilan_leo_20259-1140x1613.jpg 1140w, https:\/\/www.labozero.org\/wp-content\/uploads\/2026\/01\/bilan_leo_20259-1320x1867.jpg 1320w, https:\/\/www.labozero.org\/wp-content\/uploads\/2026\/01\/bilan_leo_20259-scaled.jpg 1810w\" sizes=\"auto, (max-width: 724px) 100vw, 724px\" \/><\/figure>\n\n\n\n<figure class=\"wp-block-image size-large\"><img loading=\"lazy\" decoding=\"async\" width=\"724\" height=\"1024\" data-id=\"6434\" src=\"https:\/\/www.labozero.org\/wp-content\/uploads\/2026\/01\/bilan_leo_202510-724x1024.jpg\" alt=\"\" class=\"wp-image-6434\" srcset=\"https:\/\/www.labozero.org\/wp-content\/uploads\/2026\/01\/bilan_leo_202510-724x1024.jpg 724w, https:\/\/www.labozero.org\/wp-content\/uploads\/2026\/01\/bilan_leo_202510-212x300.jpg 212w, https:\/\/www.labozero.org\/wp-content\/uploads\/2026\/01\/bilan_leo_202510-768x1086.jpg 768w, https:\/\/www.labozero.org\/wp-content\/uploads\/2026\/01\/bilan_leo_202510-1086x1536.jpg 1086w, https:\/\/www.labozero.org\/wp-content\/uploads\/2026\/01\/bilan_leo_202510-1448x2048.jpg 1448w, https:\/\/www.labozero.org\/wp-content\/uploads\/2026\/01\/bilan_leo_202510-1140x1613.jpg 1140w, https:\/\/www.labozero.org\/wp-content\/uploads\/2026\/01\/bilan_leo_202510-1320x1867.jpg 1320w, https:\/\/www.labozero.org\/wp-content\/uploads\/2026\/01\/bilan_leo_202510-scaled.jpg 1810w\" sizes=\"auto, (max-width: 724px) 100vw, 724px\" \/><\/figure>\n\n\n\n<figure class=\"wp-block-image size-large\"><img loading=\"lazy\" decoding=\"async\" width=\"724\" height=\"1024\" data-id=\"6433\" src=\"https:\/\/www.labozero.org\/wp-content\/uploads\/2026\/01\/bilan_leo_202511-724x1024.jpg\" alt=\"\" class=\"wp-image-6433\" srcset=\"https:\/\/www.labozero.org\/wp-content\/uploads\/2026\/01\/bilan_leo_202511-724x1024.jpg 724w, https:\/\/www.labozero.org\/wp-content\/uploads\/2026\/01\/bilan_leo_202511-212x300.jpg 212w, https:\/\/www.labozero.org\/wp-content\/uploads\/2026\/01\/bilan_leo_202511-768x1086.jpg 768w, https:\/\/www.labozero.org\/wp-content\/uploads\/2026\/01\/bilan_leo_202511-1086x1536.jpg 1086w, https:\/\/www.labozero.org\/wp-content\/uploads\/2026\/01\/bilan_leo_202511-1448x2048.jpg 1448w, https:\/\/www.labozero.org\/wp-content\/uploads\/2026\/01\/bilan_leo_202511-1140x1613.jpg 1140w, https:\/\/www.labozero.org\/wp-content\/uploads\/2026\/01\/bilan_leo_202511-1320x1867.jpg 1320w, https:\/\/www.labozero.org\/wp-content\/uploads\/2026\/01\/bilan_leo_202511-scaled.jpg 1810w\" sizes=\"auto, (max-width: 724px) 100vw, 724px\" \/><\/figure>\n\n\n\n<figure class=\"wp-block-image size-large\"><img loading=\"lazy\" decoding=\"async\" width=\"724\" height=\"1024\" data-id=\"6432\" src=\"https:\/\/www.labozero.org\/wp-content\/uploads\/2026\/01\/bilan_leo_202512-724x1024.jpg\" alt=\"\" class=\"wp-image-6432\" srcset=\"https:\/\/www.labozero.org\/wp-content\/uploads\/2026\/01\/bilan_leo_202512-724x1024.jpg 724w, https:\/\/www.labozero.org\/wp-content\/uploads\/2026\/01\/bilan_leo_202512-212x300.jpg 212w, https:\/\/www.labozero.org\/wp-content\/uploads\/2026\/01\/bilan_leo_202512-768x1086.jpg 768w, https:\/\/www.labozero.org\/wp-content\/uploads\/2026\/01\/bilan_leo_202512-1086x1536.jpg 1086w, https:\/\/www.labozero.org\/wp-content\/uploads\/2026\/01\/bilan_leo_202512-1448x2048.jpg 1448w, https:\/\/www.labozero.org\/wp-content\/uploads\/2026\/01\/bilan_leo_202512-1140x1613.jpg 1140w, https:\/\/www.labozero.org\/wp-content\/uploads\/2026\/01\/bilan_leo_202512-1320x1867.jpg 1320w, https:\/\/www.labozero.org\/wp-content\/uploads\/2026\/01\/bilan_leo_202512-scaled.jpg 1810w\" sizes=\"auto, (max-width: 724px) 100vw, 724px\" \/><\/figure>\n\n\n\n<figure class=\"wp-block-image size-large\"><img loading=\"lazy\" decoding=\"async\" width=\"724\" height=\"1024\" data-id=\"6431\" src=\"https:\/\/www.labozero.org\/wp-content\/uploads\/2026\/01\/bilan_leo_202513-724x1024.jpg\" alt=\"\" class=\"wp-image-6431\" srcset=\"https:\/\/www.labozero.org\/wp-content\/uploads\/2026\/01\/bilan_leo_202513-724x1024.jpg 724w, https:\/\/www.labozero.org\/wp-content\/uploads\/2026\/01\/bilan_leo_202513-212x300.jpg 212w, https:\/\/www.labozero.org\/wp-content\/uploads\/2026\/01\/bilan_leo_202513-768x1086.jpg 768w, https:\/\/www.labozero.org\/wp-content\/uploads\/2026\/01\/bilan_leo_202513-1086x1536.jpg 1086w, https:\/\/www.labozero.org\/wp-content\/uploads\/2026\/01\/bilan_leo_202513-1448x2048.jpg 1448w, https:\/\/www.labozero.org\/wp-content\/uploads\/2026\/01\/bilan_leo_202513-1140x1613.jpg 1140w, https:\/\/www.labozero.org\/wp-content\/uploads\/2026\/01\/bilan_leo_202513-1320x1867.jpg 1320w, https:\/\/www.labozero.org\/wp-content\/uploads\/2026\/01\/bilan_leo_202513-scaled.jpg 1810w\" sizes=\"auto, (max-width: 724px) 100vw, 724px\" \/><\/figure>\n\n\n\n<figure class=\"wp-block-image size-large\"><img loading=\"lazy\" decoding=\"async\" width=\"724\" height=\"1024\" data-id=\"6425\" src=\"https:\/\/www.labozero.org\/wp-content\/uploads\/2026\/01\/bilan_leo_202514-724x1024.jpg\" alt=\"\" class=\"wp-image-6425\" srcset=\"https:\/\/www.labozero.org\/wp-content\/uploads\/2026\/01\/bilan_leo_202514-724x1024.jpg 724w, https:\/\/www.labozero.org\/wp-content\/uploads\/2026\/01\/bilan_leo_202514-212x300.jpg 212w, https:\/\/www.labozero.org\/wp-content\/uploads\/2026\/01\/bilan_leo_202514-768x1086.jpg 768w, https:\/\/www.labozero.org\/wp-content\/uploads\/2026\/01\/bilan_leo_202514-1086x1536.jpg 1086w, https:\/\/www.labozero.org\/wp-content\/uploads\/2026\/01\/bilan_leo_202514-1448x2048.jpg 1448w, https:\/\/www.labozero.org\/wp-content\/uploads\/2026\/01\/bilan_leo_202514-1140x1613.jpg 1140w, https:\/\/www.labozero.org\/wp-content\/uploads\/2026\/01\/bilan_leo_202514-1320x1867.jpg 1320w, https:\/\/www.labozero.org\/wp-content\/uploads\/2026\/01\/bilan_leo_202514-scaled.jpg 1810w\" sizes=\"auto, (max-width: 724px) 100vw, 724px\" \/><\/figure>\n\n\n\n<figure class=\"wp-block-image size-large\"><img loading=\"lazy\" decoding=\"async\" width=\"724\" height=\"1024\" data-id=\"6426\" src=\"https:\/\/www.labozero.org\/wp-content\/uploads\/2026\/01\/bilan_leo_202515-724x1024.jpg\" alt=\"\" class=\"wp-image-6426\" srcset=\"https:\/\/www.labozero.org\/wp-content\/uploads\/2026\/01\/bilan_leo_202515-724x1024.jpg 724w, https:\/\/www.labozero.org\/wp-content\/uploads\/2026\/01\/bilan_leo_202515-212x300.jpg 212w, https:\/\/www.labozero.org\/wp-content\/uploads\/2026\/01\/bilan_leo_202515-768x1086.jpg 768w, https:\/\/www.labozero.org\/wp-content\/uploads\/2026\/01\/bilan_leo_202515-1086x1536.jpg 1086w, https:\/\/www.labozero.org\/wp-content\/uploads\/2026\/01\/bilan_leo_202515-1448x2048.jpg 1448w, https:\/\/www.labozero.org\/wp-content\/uploads\/2026\/01\/bilan_leo_202515-1140x1613.jpg 1140w, https:\/\/www.labozero.org\/wp-content\/uploads\/2026\/01\/bilan_leo_202515-1320x1867.jpg 1320w, https:\/\/www.labozero.org\/wp-content\/uploads\/2026\/01\/bilan_leo_202515-scaled.jpg 1810w\" sizes=\"auto, (max-width: 724px) 100vw, 724px\" \/><\/figure>\n\n\n\n<figure class=\"wp-block-image size-large\"><img loading=\"lazy\" decoding=\"async\" width=\"724\" height=\"1024\" data-id=\"6427\" src=\"https:\/\/www.labozero.org\/wp-content\/uploads\/2026\/01\/bilan_leo_202516-724x1024.jpg\" alt=\"\" class=\"wp-image-6427\" srcset=\"https:\/\/www.labozero.org\/wp-content\/uploads\/2026\/01\/bilan_leo_202516-724x1024.jpg 724w, https:\/\/www.labozero.org\/wp-content\/uploads\/2026\/01\/bilan_leo_202516-212x300.jpg 212w, https:\/\/www.labozero.org\/wp-content\/uploads\/2026\/01\/bilan_leo_202516-768x1086.jpg 768w, https:\/\/www.labozero.org\/wp-content\/uploads\/2026\/01\/bilan_leo_202516-1086x1536.jpg 1086w, https:\/\/www.labozero.org\/wp-content\/uploads\/2026\/01\/bilan_leo_202516-1448x2048.jpg 1448w, https:\/\/www.labozero.org\/wp-content\/uploads\/2026\/01\/bilan_leo_202516-1140x1613.jpg 1140w, https:\/\/www.labozero.org\/wp-content\/uploads\/2026\/01\/bilan_leo_202516-1320x1867.jpg 1320w, https:\/\/www.labozero.org\/wp-content\/uploads\/2026\/01\/bilan_leo_202516-scaled.jpg 1810w\" sizes=\"auto, (max-width: 724px) 100vw, 724px\" \/><\/figure>\n<\/figure>\n","protected":false},"excerpt":{"rendered":"","protected":false},"author":2,"featured_media":0,"parent":0,"menu_order":0,"comment_status":"closed","ping_status":"closed","template":"","meta":{"rop_custom_images_group":[],"rop_custom_messages_group":[],"rop_publish_now":"initial","rop_publish_now_accounts":[],"rop_publish_now_history":[],"rop_publish_now_status":"pending","_themeisle_gutenberg_block_has_review":false,"footnotes":""},"class_list":["post-6419","page","type-page","status-publish","hentry"],"jetpack-related-posts":[{"id":6312,"url":"https:\/\/www.labozero.org\/index.php\/infos-et-bilans\/","url_meta":{"origin":6419,"position":0},"title":"Infos et Bilans","author":"labozero","date":"19 janvier, 2026","format":false,"excerpt":"","rel":"","context":"Article similaire","block_context":{"text":"Article similaire","link":""},"img":{"alt_text":"","src":"","width":0,"height":0},"classes":[]},{"id":6409,"url":"https:\/\/www.labozero.org\/index.php\/bilan-du-projet-la-machine\/","url_meta":{"origin":6419,"position":1},"title":"Bilan du projet \u00ab\u00a0La Machine\u00a0\u00bb","author":"labozero","date":"26 janvier, 2026","format":false,"excerpt":"Ce projet est soutenu par :","rel":"","context":"Article similaire","block_context":{"text":"Article similaire","link":""},"img":{"alt_text":"","src":"https:\/\/i0.wp.com\/www.labozero.org\/wp-content\/uploads\/2026\/01\/01bilan_machine-150x150.jpg?resize=350%2C200&ssl=1","width":350,"height":200,"srcset":"https:\/\/i0.wp.com\/www.labozero.org\/wp-content\/uploads\/2026\/01\/01bilan_machine-150x150.jpg?resize=350%2C200&ssl=1 1x, https:\/\/i0.wp.com\/www.labozero.org\/wp-content\/uploads\/2026\/01\/01bilan_machine-150x150.jpg?resize=525%2C300&ssl=1 1.5x, https:\/\/i0.wp.com\/www.labozero.org\/wp-content\/uploads\/2026\/01\/01bilan_machine-150x150.jpg?resize=700%2C400&ssl=1 2x, https:\/\/i0.wp.com\/www.labozero.org\/wp-content\/uploads\/2026\/01\/01bilan_machine-150x150.jpg?resize=1050%2C600&ssl=1 3x, https:\/\/i0.wp.com\/www.labozero.org\/wp-content\/uploads\/2026\/01\/01bilan_machine-150x150.jpg?resize=1400%2C800&ssl=1 4x"},"classes":[]},{"id":5467,"url":"https:\/\/www.labozero.org\/index.php\/bilan-des-annees-passees-a-pantin\/","url_meta":{"origin":6419,"position":2},"title":"Bilan des ann\u00e9es pass\u00e9es \u00e0 Pantin","author":"labozero","date":"20 octobre, 2023","format":false,"excerpt":"Le LE\u00d8 s'est install\u00e9 au 20 avenue Edouard Vaillant \u00e0 Pantin en avril 2019, un proc\u00e8s contre l'EPFIDF nous a accord\u00e9 un d\u00e9lais de 3 ans et demie, un appel \u00e9galement gagn\u00e9 \u00e0 confirm\u00e9 cette d\u00e9cision de justice. Lors du conseil municipal de d\u00e9cembre 2022, les \u00e9lus de la ville\u2026","rel":"","context":"Article similaire","block_context":{"text":"Article similaire","link":""},"img":{"alt_text":"","src":"https:\/\/i0.wp.com\/www.labozero.org\/wp-content\/uploads\/2022\/11\/bilan_leo_10-2022-150x150.jpg?resize=350%2C200&ssl=1","width":350,"height":200,"srcset":"https:\/\/i0.wp.com\/www.labozero.org\/wp-content\/uploads\/2022\/11\/bilan_leo_10-2022-150x150.jpg?resize=350%2C200&ssl=1 1x, https:\/\/i0.wp.com\/www.labozero.org\/wp-content\/uploads\/2022\/11\/bilan_leo_10-2022-150x150.jpg?resize=525%2C300&ssl=1 1.5x, https:\/\/i0.wp.com\/www.labozero.org\/wp-content\/uploads\/2022\/11\/bilan_leo_10-2022-150x150.jpg?resize=700%2C400&ssl=1 2x, https:\/\/i0.wp.com\/www.labozero.org\/wp-content\/uploads\/2022\/11\/bilan_leo_10-2022-150x150.jpg?resize=1050%2C600&ssl=1 3x, https:\/\/i0.wp.com\/www.labozero.org\/wp-content\/uploads\/2022\/11\/bilan_leo_10-2022-150x150.jpg?resize=1400%2C800&ssl=1 4x"},"classes":[]},{"id":597,"url":"https:\/\/www.labozero.org\/index.php\/ils-parlent-de-nous\/","url_meta":{"origin":6419,"position":3},"title":"Ils parlent de nous !","author":"labozero","date":"7 janvier, 2019","format":false,"excerpt":"Transonore\u00a0\u00a0\"M\u00e9dia de proximit\u00e9 et de solutions\", article de Mars 2026 \"Le magasin gratuit de Noisy-le -sec\" Magasine \"Horizons\"\u00a0Janvier 2025 en page 19 Lien Transonore\u00a0\u00a0\"M\u00e9dia de proximit\u00e9 et de solutions\" podcast de d\u00e9cembre 2025 : https:\/\/transonore.fr\/le-leo\/ Participation au Livre \"Lucioles N\u00b03\" sur les parentalit\u00e9s sortit en 2024. Sortie du livre \"L'\u00e9cologie\u2026","rel":"","context":"Article similaire","block_context":{"text":"Article similaire","link":""},"img":{"alt_text":"","src":"https:\/\/i0.wp.com\/www.labozero.org\/wp-content\/uploads\/2026\/03\/WhatsApp-Image-2026-03-25-at-17.51.47-150x150.jpeg?resize=350%2C200&ssl=1","width":350,"height":200,"srcset":"https:\/\/i0.wp.com\/www.labozero.org\/wp-content\/uploads\/2026\/03\/WhatsApp-Image-2026-03-25-at-17.51.47-150x150.jpeg?resize=350%2C200&ssl=1 1x, https:\/\/i0.wp.com\/www.labozero.org\/wp-content\/uploads\/2026\/03\/WhatsApp-Image-2026-03-25-at-17.51.47-150x150.jpeg?resize=525%2C300&ssl=1 1.5x, https:\/\/i0.wp.com\/www.labozero.org\/wp-content\/uploads\/2026\/03\/WhatsApp-Image-2026-03-25-at-17.51.47-150x150.jpeg?resize=700%2C400&ssl=1 2x, https:\/\/i0.wp.com\/www.labozero.org\/wp-content\/uploads\/2026\/03\/WhatsApp-Image-2026-03-25-at-17.51.47-150x150.jpeg?resize=1050%2C600&ssl=1 3x, https:\/\/i0.wp.com\/www.labozero.org\/wp-content\/uploads\/2026\/03\/WhatsApp-Image-2026-03-25-at-17.51.47-150x150.jpeg?resize=1400%2C800&ssl=1 4x"},"classes":[]}],"jetpack_shortlink":"https:\/\/wp.me\/PbPs9A-1Fx","jetpack_sharing_enabled":true,"_links":{"self":[{"href":"https:\/\/www.labozero.org\/index.php\/wp-json\/wp\/v2\/pages\/6419","targetHints":{"allow":["GET"]}}],"collection":[{"href":"https:\/\/www.labozero.org\/index.php\/wp-json\/wp\/v2\/pages"}],"about":[{"href":"https:\/\/www.labozero.org\/index.php\/wp-json\/wp\/v2\/types\/page"}],"author":[{"embeddable":true,"href":"https:\/\/www.labozero.org\/index.php\/wp-json\/wp\/v2\/users\/2"}],"replies":[{"embeddable":true,"href":"https:\/\/www.labozero.org\/index.php\/wp-json\/wp\/v2\/comments?post=6419"}],"version-history":[{"count":1,"href":"https:\/\/www.labozero.org\/index.php\/wp-json\/wp\/v2\/pages\/6419\/revisions"}],"predecessor-version":[{"id":6437,"href":"https:\/\/www.labozero.org\/index.php\/wp-json\/wp\/v2\/pages\/6419\/revisions\/6437"}],"wp:attachment":[{"href":"https:\/\/www.labozero.org\/index.php\/wp-json\/wp\/v2\/media?parent=6419"}],"curies":[{"name":"wp","href":"https:\/\/api.w.org\/{rel}","templated":true}]}}