{"id":6409,"date":"2026-01-26T10:20:50","date_gmt":"2026-01-26T09:20:50","guid":{"rendered":"https:\/\/www.labozero.org\/?page_id=6409"},"modified":"2026-01-26T10:26:48","modified_gmt":"2026-01-26T09:26:48","slug":"bilan-du-projet-la-machine","status":"publish","type":"page","link":"https:\/\/www.labozero.org\/index.php\/bilan-du-projet-la-machine\/","title":{"rendered":"Bilan du projet \u00ab\u00a0La Machine\u00a0\u00bb"},"content":{"rendered":"\n<figure class=\"wp-block-gallery has-nested-images columns-1 is-cropped wp-block-gallery-1 is-layout-flex wp-block-gallery-is-layout-flex\">\n<figure class=\"wp-block-image size-large\"><img loading=\"lazy\" decoding=\"async\" width=\"724\" height=\"1024\" data-id=\"6407\" src=\"https:\/\/www.labozero.org\/wp-content\/uploads\/2026\/01\/01bilan_machine-724x1024.jpg\" alt=\"\" class=\"wp-image-6407\" srcset=\"https:\/\/www.labozero.org\/wp-content\/uploads\/2026\/01\/01bilan_machine-724x1024.jpg 724w, https:\/\/www.labozero.org\/wp-content\/uploads\/2026\/01\/01bilan_machine-212x300.jpg 212w, https:\/\/www.labozero.org\/wp-content\/uploads\/2026\/01\/01bilan_machine-768x1086.jpg 768w, https:\/\/www.labozero.org\/wp-content\/uploads\/2026\/01\/01bilan_machine-1086x1536.jpg 1086w, https:\/\/www.labozero.org\/wp-content\/uploads\/2026\/01\/01bilan_machine-1448x2048.jpg 1448w, https:\/\/www.labozero.org\/wp-content\/uploads\/2026\/01\/01bilan_machine-1140x1613.jpg 1140w, https:\/\/www.labozero.org\/wp-content\/uploads\/2026\/01\/01bilan_machine-1320x1867.jpg 1320w, https:\/\/www.labozero.org\/wp-content\/uploads\/2026\/01\/01bilan_machine-scaled.jpg 1810w\" sizes=\"auto, (max-width: 724px) 100vw, 724px\" \/><\/figure>\n\n\n\n<figure class=\"wp-block-image size-large\"><img loading=\"lazy\" decoding=\"async\" width=\"724\" height=\"1024\" data-id=\"6406\" src=\"https:\/\/www.labozero.org\/wp-content\/uploads\/2026\/01\/02bilan_machine-724x1024.jpg\" alt=\"\" class=\"wp-image-6406\" srcset=\"https:\/\/www.labozero.org\/wp-content\/uploads\/2026\/01\/02bilan_machine-724x1024.jpg 724w, https:\/\/www.labozero.org\/wp-content\/uploads\/2026\/01\/02bilan_machine-212x300.jpg 212w, https:\/\/www.labozero.org\/wp-content\/uploads\/2026\/01\/02bilan_machine-768x1086.jpg 768w, https:\/\/www.labozero.org\/wp-content\/uploads\/2026\/01\/02bilan_machine-1086x1536.jpg 1086w, https:\/\/www.labozero.org\/wp-content\/uploads\/2026\/01\/02bilan_machine-1448x2048.jpg 1448w, https:\/\/www.labozero.org\/wp-content\/uploads\/2026\/01\/02bilan_machine-1140x1613.jpg 1140w, https:\/\/www.labozero.org\/wp-content\/uploads\/2026\/01\/02bilan_machine-1320x1867.jpg 1320w, https:\/\/www.labozero.org\/wp-content\/uploads\/2026\/01\/02bilan_machine-scaled.jpg 1810w\" sizes=\"auto, (max-width: 724px) 100vw, 724px\" \/><\/figure>\n\n\n\n<figure class=\"wp-block-image size-large\"><img loading=\"lazy\" decoding=\"async\" width=\"724\" height=\"1024\" data-id=\"6405\" src=\"https:\/\/www.labozero.org\/wp-content\/uploads\/2026\/01\/03bilan_machine-724x1024.jpg\" alt=\"\" class=\"wp-image-6405\" srcset=\"https:\/\/www.labozero.org\/wp-content\/uploads\/2026\/01\/03bilan_machine-724x1024.jpg 724w, https:\/\/www.labozero.org\/wp-content\/uploads\/2026\/01\/03bilan_machine-212x300.jpg 212w, https:\/\/www.labozero.org\/wp-content\/uploads\/2026\/01\/03bilan_machine-768x1086.jpg 768w, https:\/\/www.labozero.org\/wp-content\/uploads\/2026\/01\/03bilan_machine-1086x1536.jpg 1086w, https:\/\/www.labozero.org\/wp-content\/uploads\/2026\/01\/03bilan_machine-1448x2048.jpg 1448w, https:\/\/www.labozero.org\/wp-content\/uploads\/2026\/01\/03bilan_machine-1140x1613.jpg 1140w, https:\/\/www.labozero.org\/wp-content\/uploads\/2026\/01\/03bilan_machine-1320x1867.jpg 1320w, https:\/\/www.labozero.org\/wp-content\/uploads\/2026\/01\/03bilan_machine-scaled.jpg 1810w\" sizes=\"auto, (max-width: 724px) 100vw, 724px\" \/><\/figure>\n\n\n\n<figure class=\"wp-block-image size-large\"><img loading=\"lazy\" decoding=\"async\" width=\"724\" height=\"1024\" data-id=\"6404\" src=\"https:\/\/www.labozero.org\/wp-content\/uploads\/2026\/01\/04bilan_machine-724x1024.jpg\" alt=\"\" class=\"wp-image-6404\" srcset=\"https:\/\/www.labozero.org\/wp-content\/uploads\/2026\/01\/04bilan_machine-724x1024.jpg 724w, https:\/\/www.labozero.org\/wp-content\/uploads\/2026\/01\/04bilan_machine-212x300.jpg 212w, https:\/\/www.labozero.org\/wp-content\/uploads\/2026\/01\/04bilan_machine-768x1086.jpg 768w, https:\/\/www.labozero.org\/wp-content\/uploads\/2026\/01\/04bilan_machine-1086x1536.jpg 1086w, https:\/\/www.labozero.org\/wp-content\/uploads\/2026\/01\/04bilan_machine-1448x2048.jpg 1448w, https:\/\/www.labozero.org\/wp-content\/uploads\/2026\/01\/04bilan_machine-1140x1613.jpg 1140w, https:\/\/www.labozero.org\/wp-content\/uploads\/2026\/01\/04bilan_machine-1320x1867.jpg 1320w, https:\/\/www.labozero.org\/wp-content\/uploads\/2026\/01\/04bilan_machine-scaled.jpg 1810w\" sizes=\"auto, (max-width: 724px) 100vw, 724px\" \/><\/figure>\n\n\n\n<figure class=\"wp-block-image size-large\"><img loading=\"lazy\" decoding=\"async\" width=\"724\" height=\"1024\" data-id=\"6403\" src=\"https:\/\/www.labozero.org\/wp-content\/uploads\/2026\/01\/05bilan_machine-724x1024.jpg\" alt=\"\" class=\"wp-image-6403\" srcset=\"https:\/\/www.labozero.org\/wp-content\/uploads\/2026\/01\/05bilan_machine-724x1024.jpg 724w, https:\/\/www.labozero.org\/wp-content\/uploads\/2026\/01\/05bilan_machine-212x300.jpg 212w, https:\/\/www.labozero.org\/wp-content\/uploads\/2026\/01\/05bilan_machine-768x1086.jpg 768w, https:\/\/www.labozero.org\/wp-content\/uploads\/2026\/01\/05bilan_machine-1086x1536.jpg 1086w, https:\/\/www.labozero.org\/wp-content\/uploads\/2026\/01\/05bilan_machine-1448x2048.jpg 1448w, https:\/\/www.labozero.org\/wp-content\/uploads\/2026\/01\/05bilan_machine-1140x1613.jpg 1140w, https:\/\/www.labozero.org\/wp-content\/uploads\/2026\/01\/05bilan_machine-1320x1867.jpg 1320w, https:\/\/www.labozero.org\/wp-content\/uploads\/2026\/01\/05bilan_machine-scaled.jpg 1810w\" sizes=\"auto, (max-width: 724px) 100vw, 724px\" \/><\/figure>\n\n\n\n<figure class=\"wp-block-image size-large\"><img loading=\"lazy\" decoding=\"async\" width=\"724\" height=\"1024\" data-id=\"6402\" src=\"https:\/\/www.labozero.org\/wp-content\/uploads\/2026\/01\/06bilan_machine-724x1024.jpg\" alt=\"\" class=\"wp-image-6402\" srcset=\"https:\/\/www.labozero.org\/wp-content\/uploads\/2026\/01\/06bilan_machine-724x1024.jpg 724w, https:\/\/www.labozero.org\/wp-content\/uploads\/2026\/01\/06bilan_machine-212x300.jpg 212w, https:\/\/www.labozero.org\/wp-content\/uploads\/2026\/01\/06bilan_machine-768x1086.jpg 768w, https:\/\/www.labozero.org\/wp-content\/uploads\/2026\/01\/06bilan_machine-1086x1536.jpg 1086w, https:\/\/www.labozero.org\/wp-content\/uploads\/2026\/01\/06bilan_machine-1448x2048.jpg 1448w, https:\/\/www.labozero.org\/wp-content\/uploads\/2026\/01\/06bilan_machine-1140x1613.jpg 1140w, https:\/\/www.labozero.org\/wp-content\/uploads\/2026\/01\/06bilan_machine-1320x1867.jpg 1320w, https:\/\/www.labozero.org\/wp-content\/uploads\/2026\/01\/06bilan_machine-scaled.jpg 1810w\" sizes=\"auto, (max-width: 724px) 100vw, 724px\" \/><\/figure>\n\n\n\n<figure class=\"wp-block-image size-large\"><img loading=\"lazy\" decoding=\"async\" width=\"724\" height=\"1024\" data-id=\"6401\" src=\"https:\/\/www.labozero.org\/wp-content\/uploads\/2026\/01\/07bilan_machine-724x1024.jpg\" alt=\"\" class=\"wp-image-6401\" srcset=\"https:\/\/www.labozero.org\/wp-content\/uploads\/2026\/01\/07bilan_machine-724x1024.jpg 724w, https:\/\/www.labozero.org\/wp-content\/uploads\/2026\/01\/07bilan_machine-212x300.jpg 212w, https:\/\/www.labozero.org\/wp-content\/uploads\/2026\/01\/07bilan_machine-768x1086.jpg 768w, https:\/\/www.labozero.org\/wp-content\/uploads\/2026\/01\/07bilan_machine-1086x1536.jpg 1086w, https:\/\/www.labozero.org\/wp-content\/uploads\/2026\/01\/07bilan_machine-1448x2048.jpg 1448w, https:\/\/www.labozero.org\/wp-content\/uploads\/2026\/01\/07bilan_machine-1140x1613.jpg 1140w, https:\/\/www.labozero.org\/wp-content\/uploads\/2026\/01\/07bilan_machine-1320x1867.jpg 1320w, https:\/\/www.labozero.org\/wp-content\/uploads\/2026\/01\/07bilan_machine-scaled.jpg 1810w\" sizes=\"auto, (max-width: 724px) 100vw, 724px\" \/><\/figure>\n\n\n\n<figure class=\"wp-block-image size-large\"><img loading=\"lazy\" decoding=\"async\" width=\"724\" height=\"1024\" data-id=\"6400\" src=\"https:\/\/www.labozero.org\/wp-content\/uploads\/2026\/01\/08bilan_machine-724x1024.jpg\" alt=\"\" class=\"wp-image-6400\" srcset=\"https:\/\/www.labozero.org\/wp-content\/uploads\/2026\/01\/08bilan_machine-724x1024.jpg 724w, https:\/\/www.labozero.org\/wp-content\/uploads\/2026\/01\/08bilan_machine-212x300.jpg 212w, https:\/\/www.labozero.org\/wp-content\/uploads\/2026\/01\/08bilan_machine-768x1086.jpg 768w, https:\/\/www.labozero.org\/wp-content\/uploads\/2026\/01\/08bilan_machine-1086x1536.jpg 1086w, https:\/\/www.labozero.org\/wp-content\/uploads\/2026\/01\/08bilan_machine-1448x2048.jpg 1448w, https:\/\/www.labozero.org\/wp-content\/uploads\/2026\/01\/08bilan_machine-1140x1613.jpg 1140w, https:\/\/www.labozero.org\/wp-content\/uploads\/2026\/01\/08bilan_machine-1320x1867.jpg 1320w, https:\/\/www.labozero.org\/wp-content\/uploads\/2026\/01\/08bilan_machine-scaled.jpg 1810w\" sizes=\"auto, (max-width: 724px) 100vw, 724px\" \/><\/figure>\n\n\n\n<figure class=\"wp-block-image size-large\"><img loading=\"lazy\" decoding=\"async\" width=\"724\" height=\"1024\" data-id=\"6399\" src=\"https:\/\/www.labozero.org\/wp-content\/uploads\/2026\/01\/09bilan_machine-724x1024.jpg\" alt=\"\" class=\"wp-image-6399\" srcset=\"https:\/\/www.labozero.org\/wp-content\/uploads\/2026\/01\/09bilan_machine-724x1024.jpg 724w, https:\/\/www.labozero.org\/wp-content\/uploads\/2026\/01\/09bilan_machine-212x300.jpg 212w, https:\/\/www.labozero.org\/wp-content\/uploads\/2026\/01\/09bilan_machine-768x1086.jpg 768w, https:\/\/www.labozero.org\/wp-content\/uploads\/2026\/01\/09bilan_machine-1086x1536.jpg 1086w, https:\/\/www.labozero.org\/wp-content\/uploads\/2026\/01\/09bilan_machine-1448x2048.jpg 1448w, https:\/\/www.labozero.org\/wp-content\/uploads\/2026\/01\/09bilan_machine-1140x1613.jpg 1140w, https:\/\/www.labozero.org\/wp-content\/uploads\/2026\/01\/09bilan_machine-1320x1867.jpg 1320w, https:\/\/www.labozero.org\/wp-content\/uploads\/2026\/01\/09bilan_machine-scaled.jpg 1810w\" sizes=\"auto, (max-width: 724px) 100vw, 724px\" \/><\/figure>\n\n\n\n<figure class=\"wp-block-image size-large\"><img loading=\"lazy\" decoding=\"async\" width=\"724\" height=\"1024\" data-id=\"6398\" src=\"https:\/\/www.labozero.org\/wp-content\/uploads\/2026\/01\/10bilan_machine-724x1024.jpg\" alt=\"\" class=\"wp-image-6398\" srcset=\"https:\/\/www.labozero.org\/wp-content\/uploads\/2026\/01\/10bilan_machine-724x1024.jpg 724w, https:\/\/www.labozero.org\/wp-content\/uploads\/2026\/01\/10bilan_machine-212x300.jpg 212w, https:\/\/www.labozero.org\/wp-content\/uploads\/2026\/01\/10bilan_machine-768x1086.jpg 768w, https:\/\/www.labozero.org\/wp-content\/uploads\/2026\/01\/10bilan_machine-1086x1536.jpg 1086w, https:\/\/www.labozero.org\/wp-content\/uploads\/2026\/01\/10bilan_machine-1448x2048.jpg 1448w, https:\/\/www.labozero.org\/wp-content\/uploads\/2026\/01\/10bilan_machine-1140x1613.jpg 1140w, https:\/\/www.labozero.org\/wp-content\/uploads\/2026\/01\/10bilan_machine-1320x1867.jpg 1320w, https:\/\/www.labozero.org\/wp-content\/uploads\/2026\/01\/10bilan_machine-scaled.jpg 1810w\" sizes=\"auto, (max-width: 724px) 100vw, 724px\" \/><\/figure>\n\n\n\n<figure class=\"wp-block-image size-large\"><img loading=\"lazy\" decoding=\"async\" width=\"724\" height=\"1024\" data-id=\"6397\" src=\"https:\/\/www.labozero.org\/wp-content\/uploads\/2026\/01\/11bilan_machine-724x1024.jpg\" alt=\"\" class=\"wp-image-6397\" srcset=\"https:\/\/www.labozero.org\/wp-content\/uploads\/2026\/01\/11bilan_machine-724x1024.jpg 724w, https:\/\/www.labozero.org\/wp-content\/uploads\/2026\/01\/11bilan_machine-212x300.jpg 212w, https:\/\/www.labozero.org\/wp-content\/uploads\/2026\/01\/11bilan_machine-768x1086.jpg 768w, https:\/\/www.labozero.org\/wp-content\/uploads\/2026\/01\/11bilan_machine-1086x1536.jpg 1086w, https:\/\/www.labozero.org\/wp-content\/uploads\/2026\/01\/11bilan_machine-1448x2048.jpg 1448w, https:\/\/www.labozero.org\/wp-content\/uploads\/2026\/01\/11bilan_machine-1140x1613.jpg 1140w, https:\/\/www.labozero.org\/wp-content\/uploads\/2026\/01\/11bilan_machine-1320x1867.jpg 1320w, https:\/\/www.labozero.org\/wp-content\/uploads\/2026\/01\/11bilan_machine-scaled.jpg 1810w\" sizes=\"auto, (max-width: 724px) 100vw, 724px\" \/><\/figure>\n\n\n\n<figure class=\"wp-block-image size-large\"><img loading=\"lazy\" decoding=\"async\" width=\"724\" height=\"1024\" data-id=\"6396\" src=\"https:\/\/www.labozero.org\/wp-content\/uploads\/2026\/01\/12bilan_machine-724x1024.jpg\" alt=\"\" class=\"wp-image-6396\" srcset=\"https:\/\/www.labozero.org\/wp-content\/uploads\/2026\/01\/12bilan_machine-724x1024.jpg 724w, https:\/\/www.labozero.org\/wp-content\/uploads\/2026\/01\/12bilan_machine-212x300.jpg 212w, https:\/\/www.labozero.org\/wp-content\/uploads\/2026\/01\/12bilan_machine-768x1086.jpg 768w, https:\/\/www.labozero.org\/wp-content\/uploads\/2026\/01\/12bilan_machine-1086x1536.jpg 1086w, https:\/\/www.labozero.org\/wp-content\/uploads\/2026\/01\/12bilan_machine-1448x2048.jpg 1448w, https:\/\/www.labozero.org\/wp-content\/uploads\/2026\/01\/12bilan_machine-1140x1613.jpg 1140w, https:\/\/www.labozero.org\/wp-content\/uploads\/2026\/01\/12bilan_machine-1320x1867.jpg 1320w, https:\/\/www.labozero.org\/wp-content\/uploads\/2026\/01\/12bilan_machine-scaled.jpg 1810w\" sizes=\"auto, (max-width: 724px) 100vw, 724px\" \/><\/figure>\n\n\n\n<figure class=\"wp-block-image size-large\"><img loading=\"lazy\" decoding=\"async\" width=\"724\" height=\"1024\" data-id=\"6395\" src=\"https:\/\/www.labozero.org\/wp-content\/uploads\/2026\/01\/13bilan_machine-724x1024.jpg\" alt=\"\" class=\"wp-image-6395\" srcset=\"https:\/\/www.labozero.org\/wp-content\/uploads\/2026\/01\/13bilan_machine-724x1024.jpg 724w, https:\/\/www.labozero.org\/wp-content\/uploads\/2026\/01\/13bilan_machine-212x300.jpg 212w, https:\/\/www.labozero.org\/wp-content\/uploads\/2026\/01\/13bilan_machine-768x1086.jpg 768w, https:\/\/www.labozero.org\/wp-content\/uploads\/2026\/01\/13bilan_machine-1086x1536.jpg 1086w, https:\/\/www.labozero.org\/wp-content\/uploads\/2026\/01\/13bilan_machine-1448x2048.jpg 1448w, https:\/\/www.labozero.org\/wp-content\/uploads\/2026\/01\/13bilan_machine-1140x1613.jpg 1140w, https:\/\/www.labozero.org\/wp-content\/uploads\/2026\/01\/13bilan_machine-1320x1867.jpg 1320w, https:\/\/www.labozero.org\/wp-content\/uploads\/2026\/01\/13bilan_machine-scaled.jpg 1810w\" sizes=\"auto, (max-width: 724px) 100vw, 724px\" \/><\/figure>\n\n\n\n<figure class=\"wp-block-image size-large\"><img loading=\"lazy\" decoding=\"async\" width=\"724\" height=\"1024\" data-id=\"6394\" src=\"https:\/\/www.labozero.org\/wp-content\/uploads\/2026\/01\/14bilan_machine-724x1024.jpg\" alt=\"\" class=\"wp-image-6394\" srcset=\"https:\/\/www.labozero.org\/wp-content\/uploads\/2026\/01\/14bilan_machine-724x1024.jpg 724w, https:\/\/www.labozero.org\/wp-content\/uploads\/2026\/01\/14bilan_machine-212x300.jpg 212w, https:\/\/www.labozero.org\/wp-content\/uploads\/2026\/01\/14bilan_machine-768x1086.jpg 768w, https:\/\/www.labozero.org\/wp-content\/uploads\/2026\/01\/14bilan_machine-1086x1536.jpg 1086w, https:\/\/www.labozero.org\/wp-content\/uploads\/2026\/01\/14bilan_machine-1448x2048.jpg 1448w, https:\/\/www.labozero.org\/wp-content\/uploads\/2026\/01\/14bilan_machine-1140x1613.jpg 1140w, https:\/\/www.labozero.org\/wp-content\/uploads\/2026\/01\/14bilan_machine-1320x1867.jpg 1320w, https:\/\/www.labozero.org\/wp-content\/uploads\/2026\/01\/14bilan_machine-scaled.jpg 1810w\" sizes=\"auto, (max-width: 724px) 100vw, 724px\" \/><\/figure>\n\n\n\n<figure class=\"wp-block-image size-large\"><img loading=\"lazy\" decoding=\"async\" width=\"724\" height=\"1024\" data-id=\"6393\" src=\"https:\/\/www.labozero.org\/wp-content\/uploads\/2026\/01\/15bilan_machine-724x1024.jpg\" alt=\"\" class=\"wp-image-6393\" srcset=\"https:\/\/www.labozero.org\/wp-content\/uploads\/2026\/01\/15bilan_machine-724x1024.jpg 724w, https:\/\/www.labozero.org\/wp-content\/uploads\/2026\/01\/15bilan_machine-212x300.jpg 212w, https:\/\/www.labozero.org\/wp-content\/uploads\/2026\/01\/15bilan_machine-768x1086.jpg 768w, https:\/\/www.labozero.org\/wp-content\/uploads\/2026\/01\/15bilan_machine-1086x1536.jpg 1086w, https:\/\/www.labozero.org\/wp-content\/uploads\/2026\/01\/15bilan_machine-1448x2048.jpg 1448w, https:\/\/www.labozero.org\/wp-content\/uploads\/2026\/01\/15bilan_machine-1140x1613.jpg 1140w, https:\/\/www.labozero.org\/wp-content\/uploads\/2026\/01\/15bilan_machine-1320x1867.jpg 1320w, https:\/\/www.labozero.org\/wp-content\/uploads\/2026\/01\/15bilan_machine-scaled.jpg 1810w\" sizes=\"auto, (max-width: 724px) 100vw, 724px\" \/><\/figure>\n\n\n\n<figure class=\"wp-block-image size-large\"><img loading=\"lazy\" decoding=\"async\" width=\"724\" height=\"1024\" data-id=\"6392\" src=\"https:\/\/www.labozero.org\/wp-content\/uploads\/2026\/01\/16bilan_machine-724x1024.jpg\" alt=\"\" class=\"wp-image-6392\" srcset=\"https:\/\/www.labozero.org\/wp-content\/uploads\/2026\/01\/16bilan_machine-724x1024.jpg 724w, https:\/\/www.labozero.org\/wp-content\/uploads\/2026\/01\/16bilan_machine-212x300.jpg 212w, https:\/\/www.labozero.org\/wp-content\/uploads\/2026\/01\/16bilan_machine-768x1086.jpg 768w, https:\/\/www.labozero.org\/wp-content\/uploads\/2026\/01\/16bilan_machine-1086x1536.jpg 1086w, https:\/\/www.labozero.org\/wp-content\/uploads\/2026\/01\/16bilan_machine-1448x2048.jpg 1448w, https:\/\/www.labozero.org\/wp-content\/uploads\/2026\/01\/16bilan_machine-1140x1613.jpg 1140w, https:\/\/www.labozero.org\/wp-content\/uploads\/2026\/01\/16bilan_machine-1320x1867.jpg 1320w, https:\/\/www.labozero.org\/wp-content\/uploads\/2026\/01\/16bilan_machine-scaled.jpg 1810w\" sizes=\"auto, (max-width: 724px) 100vw, 724px\" \/><\/figure>\n\n\n\n<figure class=\"wp-block-image size-large\"><img loading=\"lazy\" decoding=\"async\" width=\"724\" height=\"1024\" data-id=\"6391\" src=\"https:\/\/www.labozero.org\/wp-content\/uploads\/2026\/01\/17bilan_machine-724x1024.jpg\" alt=\"\" class=\"wp-image-6391\" srcset=\"https:\/\/www.labozero.org\/wp-content\/uploads\/2026\/01\/17bilan_machine-724x1024.jpg 724w, https:\/\/www.labozero.org\/wp-content\/uploads\/2026\/01\/17bilan_machine-212x300.jpg 212w, https:\/\/www.labozero.org\/wp-content\/uploads\/2026\/01\/17bilan_machine-768x1086.jpg 768w, https:\/\/www.labozero.org\/wp-content\/uploads\/2026\/01\/17bilan_machine-1086x1536.jpg 1086w, https:\/\/www.labozero.org\/wp-content\/uploads\/2026\/01\/17bilan_machine-1448x2048.jpg 1448w, https:\/\/www.labozero.org\/wp-content\/uploads\/2026\/01\/17bilan_machine-1140x1613.jpg 1140w, https:\/\/www.labozero.org\/wp-content\/uploads\/2026\/01\/17bilan_machine-1320x1867.jpg 1320w, https:\/\/www.labozero.org\/wp-content\/uploads\/2026\/01\/17bilan_machine-scaled.jpg 1810w\" sizes=\"auto, (max-width: 724px) 100vw, 724px\" \/><\/figure>\n\n\n\n<figure class=\"wp-block-image size-large\"><img loading=\"lazy\" decoding=\"async\" width=\"724\" height=\"1024\" data-id=\"6390\" src=\"https:\/\/www.labozero.org\/wp-content\/uploads\/2026\/01\/19bilan_machine-724x1024.jpg\" alt=\"\" class=\"wp-image-6390\" srcset=\"https:\/\/www.labozero.org\/wp-content\/uploads\/2026\/01\/19bilan_machine-724x1024.jpg 724w, https:\/\/www.labozero.org\/wp-content\/uploads\/2026\/01\/19bilan_machine-212x300.jpg 212w, https:\/\/www.labozero.org\/wp-content\/uploads\/2026\/01\/19bilan_machine-768x1086.jpg 768w, https:\/\/www.labozero.org\/wp-content\/uploads\/2026\/01\/19bilan_machine-1086x1536.jpg 1086w, https:\/\/www.labozero.org\/wp-content\/uploads\/2026\/01\/19bilan_machine-1448x2048.jpg 1448w, https:\/\/www.labozero.org\/wp-content\/uploads\/2026\/01\/19bilan_machine-1140x1613.jpg 1140w, https:\/\/www.labozero.org\/wp-content\/uploads\/2026\/01\/19bilan_machine-1320x1867.jpg 1320w, https:\/\/www.labozero.org\/wp-content\/uploads\/2026\/01\/19bilan_machine-scaled.jpg 1810w\" sizes=\"auto, (max-width: 724px) 100vw, 724px\" \/><\/figure>\n<\/figure>\n\n\n\n<p>Ce projet est soutenu par : <\/p>\n\n\n\n<figure class=\"wp-block-gallery has-nested-images columns-default is-cropped wp-block-gallery-2 is-layout-flex wp-block-gallery-is-layout-flex\">\n<figure class=\"wp-block-image size-large\"><img loading=\"lazy\" decoding=\"async\" width=\"465\" height=\"115\" data-id=\"6275\" src=\"https:\/\/www.labozero.org\/wp-content\/uploads\/2026\/01\/banniere_fzd.jpg\" alt=\"\" class=\"wp-image-6275\" srcset=\"https:\/\/www.labozero.org\/wp-content\/uploads\/2026\/01\/banniere_fzd.jpg 465w, https:\/\/www.labozero.org\/wp-content\/uploads\/2026\/01\/banniere_fzd-300x74.jpg 300w\" sizes=\"auto, (max-width: 465px) 100vw, 465px\" \/><\/figure>\n\n\n\n<figure class=\"wp-block-image size-large\"><img loading=\"lazy\" decoding=\"async\" width=\"474\" height=\"140\" data-id=\"6274\" src=\"https:\/\/www.labozero.org\/wp-content\/uploads\/2026\/01\/OIP-2560513559.jpeg\" alt=\"\" class=\"wp-image-6274\" srcset=\"https:\/\/www.labozero.org\/wp-content\/uploads\/2026\/01\/OIP-2560513559.jpeg 474w, https:\/\/www.labozero.org\/wp-content\/uploads\/2026\/01\/OIP-2560513559-300x89.jpeg 300w\" sizes=\"auto, (max-width: 474px) 100vw, 474px\" \/><\/figure>\n\n\n\n<figure class=\"wp-block-image size-large\"><img loading=\"lazy\" decoding=\"async\" width=\"860\" height=\"573\" data-id=\"6287\" src=\"https:\/\/www.labozero.org\/wp-content\/uploads\/2026\/01\/agir-logo-ssd-1-860x573-2092519973.jpg\" alt=\"\" class=\"wp-image-6287\" srcset=\"https:\/\/www.labozero.org\/wp-content\/uploads\/2026\/01\/agir-logo-ssd-1-860x573-2092519973.jpg 860w, https:\/\/www.labozero.org\/wp-content\/uploads\/2026\/01\/agir-logo-ssd-1-860x573-2092519973-300x200.jpg 300w, https:\/\/www.labozero.org\/wp-content\/uploads\/2026\/01\/agir-logo-ssd-1-860x573-2092519973-768x512.jpg 768w\" sizes=\"auto, (max-width: 860px) 100vw, 860px\" \/><\/figure>\n<\/figure>\n","protected":false},"excerpt":{"rendered":"<p>Ce projet est soutenu par :<\/p>\n","protected":false},"author":2,"featured_media":0,"parent":0,"menu_order":0,"comment_status":"closed","ping_status":"closed","template":"","meta":{"rop_custom_images_group":[],"rop_custom_messages_group":[],"rop_publish_now":"initial","rop_publish_now_accounts":[],"rop_publish_now_history":[],"rop_publish_now_status":"pending","_themeisle_gutenberg_block_has_review":false,"footnotes":""},"class_list":["post-6409","page","type-page","status-publish","hentry"],"jetpack-related-posts":[{"id":6312,"url":"https:\/\/www.labozero.org\/index.php\/infos-et-bilans\/","url_meta":{"origin":6409,"position":0},"title":"Infos et Bilans","author":"labozero","date":"19 janvier, 2026","format":false,"excerpt":"","rel":"","context":"Article similaire","block_context":{"text":"Article similaire","link":""},"img":{"alt_text":"","src":"","width":0,"height":0},"classes":[]},{"id":6419,"url":"https:\/\/www.labozero.org\/index.php\/bilan-2025\/","url_meta":{"origin":6409,"position":1},"title":"Bilan 2025","author":"labozero","date":"26 janvier, 2026","format":false,"excerpt":"","rel":"","context":"Article similaire","block_context":{"text":"Article similaire","link":""},"img":{"alt_text":"","src":"https:\/\/i0.wp.com\/www.labozero.org\/wp-content\/uploads\/2026\/01\/bilan_leo_20252-150x150.jpg?resize=350%2C200&ssl=1","width":350,"height":200,"srcset":"https:\/\/i0.wp.com\/www.labozero.org\/wp-content\/uploads\/2026\/01\/bilan_leo_20252-150x150.jpg?resize=350%2C200&ssl=1 1x, https:\/\/i0.wp.com\/www.labozero.org\/wp-content\/uploads\/2026\/01\/bilan_leo_20252-150x150.jpg?resize=525%2C300&ssl=1 1.5x, https:\/\/i0.wp.com\/www.labozero.org\/wp-content\/uploads\/2026\/01\/bilan_leo_20252-150x150.jpg?resize=700%2C400&ssl=1 2x, https:\/\/i0.wp.com\/www.labozero.org\/wp-content\/uploads\/2026\/01\/bilan_leo_20252-150x150.jpg?resize=1050%2C600&ssl=1 3x, https:\/\/i0.wp.com\/www.labozero.org\/wp-content\/uploads\/2026\/01\/bilan_leo_20252-150x150.jpg?resize=1400%2C800&ssl=1 4x"},"classes":[]},{"id":5467,"url":"https:\/\/www.labozero.org\/index.php\/bilan-des-annees-passees-a-pantin\/","url_meta":{"origin":6409,"position":2},"title":"Bilan des ann\u00e9es pass\u00e9es \u00e0 Pantin","author":"labozero","date":"20 octobre, 2023","format":false,"excerpt":"Le LE\u00d8 s'est install\u00e9 au 20 avenue Edouard Vaillant \u00e0 Pantin en avril 2019, un proc\u00e8s contre l'EPFIDF nous a accord\u00e9 un d\u00e9lais de 3 ans et demie, un appel \u00e9galement gagn\u00e9 \u00e0 confirm\u00e9 cette d\u00e9cision de justice. Lors du conseil municipal de d\u00e9cembre 2022, les \u00e9lus de la ville\u2026","rel":"","context":"Article similaire","block_context":{"text":"Article similaire","link":""},"img":{"alt_text":"","src":"https:\/\/i0.wp.com\/www.labozero.org\/wp-content\/uploads\/2022\/11\/bilan_leo_10-2022-150x150.jpg?resize=350%2C200&ssl=1","width":350,"height":200,"srcset":"https:\/\/i0.wp.com\/www.labozero.org\/wp-content\/uploads\/2022\/11\/bilan_leo_10-2022-150x150.jpg?resize=350%2C200&ssl=1 1x, https:\/\/i0.wp.com\/www.labozero.org\/wp-content\/uploads\/2022\/11\/bilan_leo_10-2022-150x150.jpg?resize=525%2C300&ssl=1 1.5x, https:\/\/i0.wp.com\/www.labozero.org\/wp-content\/uploads\/2022\/11\/bilan_leo_10-2022-150x150.jpg?resize=700%2C400&ssl=1 2x, https:\/\/i0.wp.com\/www.labozero.org\/wp-content\/uploads\/2022\/11\/bilan_leo_10-2022-150x150.jpg?resize=1050%2C600&ssl=1 3x, https:\/\/i0.wp.com\/www.labozero.org\/wp-content\/uploads\/2022\/11\/bilan_leo_10-2022-150x150.jpg?resize=1400%2C800&ssl=1 4x"},"classes":[]}],"jetpack_shortlink":"https:\/\/wp.me\/PbPs9A-1Fn","jetpack_sharing_enabled":true,"_links":{"self":[{"href":"https:\/\/www.labozero.org\/index.php\/wp-json\/wp\/v2\/pages\/6409","targetHints":{"allow":["GET"]}}],"collection":[{"href":"https:\/\/www.labozero.org\/index.php\/wp-json\/wp\/v2\/pages"}],"about":[{"href":"https:\/\/www.labozero.org\/index.php\/wp-json\/wp\/v2\/types\/page"}],"author":[{"embeddable":true,"href":"https:\/\/www.labozero.org\/index.php\/wp-json\/wp\/v2\/users\/2"}],"replies":[{"embeddable":true,"href":"https:\/\/www.labozero.org\/index.php\/wp-json\/wp\/v2\/comments?post=6409"}],"version-history":[{"count":3,"href":"https:\/\/www.labozero.org\/index.php\/wp-json\/wp\/v2\/pages\/6409\/revisions"}],"predecessor-version":[{"id":6413,"href":"https:\/\/www.labozero.org\/index.php\/wp-json\/wp\/v2\/pages\/6409\/revisions\/6413"}],"wp:attachment":[{"href":"https:\/\/www.labozero.org\/index.php\/wp-json\/wp\/v2\/media?parent=6409"}],"curies":[{"name":"wp","href":"https:\/\/api.w.org\/{rel}","templated":true}]}}