{"id":5467,"date":"2023-10-20T10:43:22","date_gmt":"2023-10-20T08:43:22","guid":{"rendered":"https:\/\/www.labozero.org\/?page_id=5467"},"modified":"2023-10-20T10:55:15","modified_gmt":"2023-10-20T08:55:15","slug":"bilan-des-annees-passees-a-pantin","status":"publish","type":"page","link":"https:\/\/www.labozero.org\/index.php\/bilan-des-annees-passees-a-pantin\/","title":{"rendered":"Bilan des ann\u00e9es pass\u00e9es \u00e0 Pantin"},"content":{"rendered":"\n<p>Le LE\u00d8 s&rsquo;est install\u00e9 au 20 avenue Edouard Vaillant \u00e0 Pantin en avril 2019, un proc\u00e8s contre l&rsquo;EPFIDF nous a accord\u00e9 un d\u00e9lais de 3 ans et demie, un appel \u00e9galement gagn\u00e9 \u00e0 confirm\u00e9 cette d\u00e9cision de justice. <\/p>\n\n\n\n<p>Lors du conseil municipal de d\u00e9cembre 2022, les \u00e9lus de la ville de Pantin ont choisi de ne pas agir pour conserver l\u2019association sur son territoire<strong><mark><\/mark><mark><\/mark><\/strong>, le LE\u00d8 a donc \u00e9t\u00e9 expuls\u00e9 de ses locaux le 14 Juin 2023.<\/p>\n\n\n\n<p>Le b\u00e2timent de 4000m2 est d\u00e9somais vide et gardienn\u00e9, la quinzaine d\u2019associations acceuillies a trouv\u00e9 refuge dans d\u2019autres villes et nous avons fait appel \u00e0 la solidarit\u00e9 intersquat pour heberger les familles.<\/p>\n\n\n\n<p>Voil\u00e0 le bilan de ces 4 ann\u00e9es incroyables !<\/p>\n\n\n\n<figure class=\"wp-block-gallery has-nested-images columns-1 is-cropped wp-block-gallery-1 is-layout-flex wp-block-gallery-is-layout-flex\">\n<figure class=\"wp-block-image size-large\"><img loading=\"lazy\" decoding=\"async\" width=\"724\" height=\"1024\" data-id=\"3913\" src=\"https:\/\/www.labozero.org\/wp-content\/uploads\/2022\/11\/bilan_leo_10-2022-724x1024.jpg\" alt=\"\" class=\"wp-image-3913\" srcset=\"https:\/\/www.labozero.org\/wp-content\/uploads\/2022\/11\/bilan_leo_10-2022-724x1024.jpg 724w, https:\/\/www.labozero.org\/wp-content\/uploads\/2022\/11\/bilan_leo_10-2022-212x300.jpg 212w, https:\/\/www.labozero.org\/wp-content\/uploads\/2022\/11\/bilan_leo_10-2022-768x1086.jpg 768w, https:\/\/www.labozero.org\/wp-content\/uploads\/2022\/11\/bilan_leo_10-2022-1086x1536.jpg 1086w, https:\/\/www.labozero.org\/wp-content\/uploads\/2022\/11\/bilan_leo_10-2022-1448x2048.jpg 1448w, https:\/\/www.labozero.org\/wp-content\/uploads\/2022\/11\/bilan_leo_10-2022-1568x2217.jpg 1568w, https:\/\/www.labozero.org\/wp-content\/uploads\/2022\/11\/bilan_leo_10-2022-1320x1866.jpg 1320w, https:\/\/www.labozero.org\/wp-content\/uploads\/2022\/11\/bilan_leo_10-2022-scaled.jpg 1811w\" sizes=\"auto, (max-width: 724px) 100vw, 724px\" \/><\/figure>\n\n\n\n<figure class=\"wp-block-image size-large\"><img loading=\"lazy\" decoding=\"async\" width=\"724\" height=\"1024\" data-id=\"3903\" src=\"https:\/\/www.labozero.org\/wp-content\/uploads\/2022\/11\/bilan_leo_10-20222-724x1024.jpg\" alt=\"\" class=\"wp-image-3903\" srcset=\"https:\/\/www.labozero.org\/wp-content\/uploads\/2022\/11\/bilan_leo_10-20222-724x1024.jpg 724w, https:\/\/www.labozero.org\/wp-content\/uploads\/2022\/11\/bilan_leo_10-20222-212x300.jpg 212w, https:\/\/www.labozero.org\/wp-content\/uploads\/2022\/11\/bilan_leo_10-20222-768x1086.jpg 768w, https:\/\/www.labozero.org\/wp-content\/uploads\/2022\/11\/bilan_leo_10-20222-1086x1536.jpg 1086w, https:\/\/www.labozero.org\/wp-content\/uploads\/2022\/11\/bilan_leo_10-20222-1448x2048.jpg 1448w, https:\/\/www.labozero.org\/wp-content\/uploads\/2022\/11\/bilan_leo_10-20222-1568x2217.jpg 1568w, https:\/\/www.labozero.org\/wp-content\/uploads\/2022\/11\/bilan_leo_10-20222-1320x1866.jpg 1320w, https:\/\/www.labozero.org\/wp-content\/uploads\/2022\/11\/bilan_leo_10-20222-scaled.jpg 1811w\" sizes=\"auto, (max-width: 724px) 100vw, 724px\" \/><\/figure>\n\n\n\n<figure class=\"wp-block-image size-large\"><img loading=\"lazy\" decoding=\"async\" width=\"724\" height=\"1024\" data-id=\"3904\" src=\"https:\/\/www.labozero.org\/wp-content\/uploads\/2022\/11\/bilan_leo_10-20223-724x1024.jpg\" alt=\"\" class=\"wp-image-3904\" srcset=\"https:\/\/www.labozero.org\/wp-content\/uploads\/2022\/11\/bilan_leo_10-20223-724x1024.jpg 724w, https:\/\/www.labozero.org\/wp-content\/uploads\/2022\/11\/bilan_leo_10-20223-212x300.jpg 212w, https:\/\/www.labozero.org\/wp-content\/uploads\/2022\/11\/bilan_leo_10-20223-768x1086.jpg 768w, https:\/\/www.labozero.org\/wp-content\/uploads\/2022\/11\/bilan_leo_10-20223-1086x1536.jpg 1086w, https:\/\/www.labozero.org\/wp-content\/uploads\/2022\/11\/bilan_leo_10-20223-1448x2048.jpg 1448w, https:\/\/www.labozero.org\/wp-content\/uploads\/2022\/11\/bilan_leo_10-20223-1568x2217.jpg 1568w, https:\/\/www.labozero.org\/wp-content\/uploads\/2022\/11\/bilan_leo_10-20223-1320x1866.jpg 1320w, https:\/\/www.labozero.org\/wp-content\/uploads\/2022\/11\/bilan_leo_10-20223-scaled.jpg 1811w\" sizes=\"auto, (max-width: 724px) 100vw, 724px\" \/><\/figure>\n\n\n\n<figure class=\"wp-block-image size-large\"><img loading=\"lazy\" decoding=\"async\" width=\"724\" height=\"1024\" data-id=\"3905\" src=\"https:\/\/www.labozero.org\/wp-content\/uploads\/2022\/11\/bilan_leo_10-20224-724x1024.jpg\" alt=\"\" class=\"wp-image-3905\" srcset=\"https:\/\/www.labozero.org\/wp-content\/uploads\/2022\/11\/bilan_leo_10-20224-724x1024.jpg 724w, https:\/\/www.labozero.org\/wp-content\/uploads\/2022\/11\/bilan_leo_10-20224-212x300.jpg 212w, https:\/\/www.labozero.org\/wp-content\/uploads\/2022\/11\/bilan_leo_10-20224-768x1086.jpg 768w, https:\/\/www.labozero.org\/wp-content\/uploads\/2022\/11\/bilan_leo_10-20224-1086x1536.jpg 1086w, https:\/\/www.labozero.org\/wp-content\/uploads\/2022\/11\/bilan_leo_10-20224-1448x2048.jpg 1448w, https:\/\/www.labozero.org\/wp-content\/uploads\/2022\/11\/bilan_leo_10-20224-1568x2217.jpg 1568w, https:\/\/www.labozero.org\/wp-content\/uploads\/2022\/11\/bilan_leo_10-20224-1320x1866.jpg 1320w, https:\/\/www.labozero.org\/wp-content\/uploads\/2022\/11\/bilan_leo_10-20224-scaled.jpg 1811w\" sizes=\"auto, (max-width: 724px) 100vw, 724px\" \/><\/figure>\n\n\n\n<figure class=\"wp-block-image size-large\"><img loading=\"lazy\" decoding=\"async\" width=\"724\" height=\"1024\" data-id=\"3906\" src=\"https:\/\/www.labozero.org\/wp-content\/uploads\/2022\/11\/bilan_leo_10-20225-724x1024.jpg\" alt=\"\" class=\"wp-image-3906\" srcset=\"https:\/\/www.labozero.org\/wp-content\/uploads\/2022\/11\/bilan_leo_10-20225-724x1024.jpg 724w, https:\/\/www.labozero.org\/wp-content\/uploads\/2022\/11\/bilan_leo_10-20225-212x300.jpg 212w, https:\/\/www.labozero.org\/wp-content\/uploads\/2022\/11\/bilan_leo_10-20225-768x1086.jpg 768w, https:\/\/www.labozero.org\/wp-content\/uploads\/2022\/11\/bilan_leo_10-20225-1086x1536.jpg 1086w, https:\/\/www.labozero.org\/wp-content\/uploads\/2022\/11\/bilan_leo_10-20225-1448x2048.jpg 1448w, https:\/\/www.labozero.org\/wp-content\/uploads\/2022\/11\/bilan_leo_10-20225-1568x2217.jpg 1568w, https:\/\/www.labozero.org\/wp-content\/uploads\/2022\/11\/bilan_leo_10-20225-1320x1866.jpg 1320w, https:\/\/www.labozero.org\/wp-content\/uploads\/2022\/11\/bilan_leo_10-20225-scaled.jpg 1811w\" sizes=\"auto, (max-width: 724px) 100vw, 724px\" \/><\/figure>\n\n\n\n<figure class=\"wp-block-image size-large\"><img loading=\"lazy\" decoding=\"async\" width=\"724\" height=\"1024\" data-id=\"3907\" src=\"https:\/\/www.labozero.org\/wp-content\/uploads\/2022\/11\/bilan_leo_10-20226-724x1024.jpg\" alt=\"\" class=\"wp-image-3907\" srcset=\"https:\/\/www.labozero.org\/wp-content\/uploads\/2022\/11\/bilan_leo_10-20226-724x1024.jpg 724w, https:\/\/www.labozero.org\/wp-content\/uploads\/2022\/11\/bilan_leo_10-20226-212x300.jpg 212w, https:\/\/www.labozero.org\/wp-content\/uploads\/2022\/11\/bilan_leo_10-20226-768x1086.jpg 768w, https:\/\/www.labozero.org\/wp-content\/uploads\/2022\/11\/bilan_leo_10-20226-1086x1536.jpg 1086w, https:\/\/www.labozero.org\/wp-content\/uploads\/2022\/11\/bilan_leo_10-20226-1448x2048.jpg 1448w, https:\/\/www.labozero.org\/wp-content\/uploads\/2022\/11\/bilan_leo_10-20226-1568x2217.jpg 1568w, https:\/\/www.labozero.org\/wp-content\/uploads\/2022\/11\/bilan_leo_10-20226-1320x1866.jpg 1320w, https:\/\/www.labozero.org\/wp-content\/uploads\/2022\/11\/bilan_leo_10-20226-scaled.jpg 1811w\" sizes=\"auto, (max-width: 724px) 100vw, 724px\" \/><\/figure>\n\n\n\n<figure class=\"wp-block-image size-large\"><img loading=\"lazy\" decoding=\"async\" width=\"1024\" height=\"724\" data-id=\"3908\" src=\"https:\/\/www.labozero.org\/wp-content\/uploads\/2022\/11\/bilan_leo_10-20227-1024x724.jpg\" alt=\"\" class=\"wp-image-3908\" srcset=\"https:\/\/www.labozero.org\/wp-content\/uploads\/2022\/11\/bilan_leo_10-20227-1024x724.jpg 1024w, https:\/\/www.labozero.org\/wp-content\/uploads\/2022\/11\/bilan_leo_10-20227-300x212.jpg 300w, https:\/\/www.labozero.org\/wp-content\/uploads\/2022\/11\/bilan_leo_10-20227-768x543.jpg 768w, https:\/\/www.labozero.org\/wp-content\/uploads\/2022\/11\/bilan_leo_10-20227-1536x1086.jpg 1536w, https:\/\/www.labozero.org\/wp-content\/uploads\/2022\/11\/bilan_leo_10-20227-2048x1448.jpg 2048w, https:\/\/www.labozero.org\/wp-content\/uploads\/2022\/11\/bilan_leo_10-20227-1568x1109.jpg 1568w, https:\/\/www.labozero.org\/wp-content\/uploads\/2022\/11\/bilan_leo_10-20227-1320x934.jpg 1320w\" sizes=\"auto, (max-width: 1024px) 100vw, 1024px\" \/><\/figure>\n\n\n\n<figure class=\"wp-block-image size-large\"><img loading=\"lazy\" decoding=\"async\" width=\"724\" height=\"1024\" data-id=\"3909\" src=\"https:\/\/www.labozero.org\/wp-content\/uploads\/2022\/11\/bilan_leo_10-20228-724x1024.jpg\" alt=\"\" class=\"wp-image-3909\" srcset=\"https:\/\/www.labozero.org\/wp-content\/uploads\/2022\/11\/bilan_leo_10-20228-724x1024.jpg 724w, https:\/\/www.labozero.org\/wp-content\/uploads\/2022\/11\/bilan_leo_10-20228-212x300.jpg 212w, https:\/\/www.labozero.org\/wp-content\/uploads\/2022\/11\/bilan_leo_10-20228-768x1086.jpg 768w, https:\/\/www.labozero.org\/wp-content\/uploads\/2022\/11\/bilan_leo_10-20228-1086x1536.jpg 1086w, https:\/\/www.labozero.org\/wp-content\/uploads\/2022\/11\/bilan_leo_10-20228-1448x2048.jpg 1448w, https:\/\/www.labozero.org\/wp-content\/uploads\/2022\/11\/bilan_leo_10-20228-1568x2217.jpg 1568w, https:\/\/www.labozero.org\/wp-content\/uploads\/2022\/11\/bilan_leo_10-20228-1320x1866.jpg 1320w, https:\/\/www.labozero.org\/wp-content\/uploads\/2022\/11\/bilan_leo_10-20228-scaled.jpg 1811w\" sizes=\"auto, (max-width: 724px) 100vw, 724px\" \/><\/figure>\n\n\n\n<figure class=\"wp-block-image size-large\"><img loading=\"lazy\" decoding=\"async\" width=\"724\" height=\"1024\" data-id=\"3910\" src=\"https:\/\/www.labozero.org\/wp-content\/uploads\/2022\/11\/bilan_leo_10-20229-724x1024.jpg\" alt=\"\" class=\"wp-image-3910\" srcset=\"https:\/\/www.labozero.org\/wp-content\/uploads\/2022\/11\/bilan_leo_10-20229-724x1024.jpg 724w, https:\/\/www.labozero.org\/wp-content\/uploads\/2022\/11\/bilan_leo_10-20229-212x300.jpg 212w, https:\/\/www.labozero.org\/wp-content\/uploads\/2022\/11\/bilan_leo_10-20229-768x1086.jpg 768w, https:\/\/www.labozero.org\/wp-content\/uploads\/2022\/11\/bilan_leo_10-20229-1086x1536.jpg 1086w, https:\/\/www.labozero.org\/wp-content\/uploads\/2022\/11\/bilan_leo_10-20229-1448x2048.jpg 1448w, https:\/\/www.labozero.org\/wp-content\/uploads\/2022\/11\/bilan_leo_10-20229-1568x2217.jpg 1568w, https:\/\/www.labozero.org\/wp-content\/uploads\/2022\/11\/bilan_leo_10-20229-1320x1866.jpg 1320w, https:\/\/www.labozero.org\/wp-content\/uploads\/2022\/11\/bilan_leo_10-20229-scaled.jpg 1811w\" sizes=\"auto, (max-width: 724px) 100vw, 724px\" \/><\/figure>\n\n\n\n<figure class=\"wp-block-image size-large\"><img loading=\"lazy\" decoding=\"async\" width=\"724\" height=\"1024\" data-id=\"3911\" src=\"https:\/\/www.labozero.org\/wp-content\/uploads\/2022\/11\/bilan_leo_10-202210-724x1024.jpg\" alt=\"\" class=\"wp-image-3911\" srcset=\"https:\/\/www.labozero.org\/wp-content\/uploads\/2022\/11\/bilan_leo_10-202210-724x1024.jpg 724w, https:\/\/www.labozero.org\/wp-content\/uploads\/2022\/11\/bilan_leo_10-202210-212x300.jpg 212w, https:\/\/www.labozero.org\/wp-content\/uploads\/2022\/11\/bilan_leo_10-202210-768x1086.jpg 768w, https:\/\/www.labozero.org\/wp-content\/uploads\/2022\/11\/bilan_leo_10-202210-1086x1536.jpg 1086w, https:\/\/www.labozero.org\/wp-content\/uploads\/2022\/11\/bilan_leo_10-202210-1448x2048.jpg 1448w, https:\/\/www.labozero.org\/wp-content\/uploads\/2022\/11\/bilan_leo_10-202210-1568x2217.jpg 1568w, https:\/\/www.labozero.org\/wp-content\/uploads\/2022\/11\/bilan_leo_10-202210-1320x1866.jpg 1320w, https:\/\/www.labozero.org\/wp-content\/uploads\/2022\/11\/bilan_leo_10-202210-scaled.jpg 1811w\" sizes=\"auto, (max-width: 724px) 100vw, 724px\" \/><\/figure>\n\n\n\n<figure class=\"wp-block-image size-large\"><img loading=\"lazy\" decoding=\"async\" width=\"724\" height=\"1024\" data-id=\"3912\" src=\"https:\/\/www.labozero.org\/wp-content\/uploads\/2022\/11\/bilan_leo_10-202211-724x1024.jpg\" alt=\"\" class=\"wp-image-3912\" srcset=\"https:\/\/www.labozero.org\/wp-content\/uploads\/2022\/11\/bilan_leo_10-202211-724x1024.jpg 724w, https:\/\/www.labozero.org\/wp-content\/uploads\/2022\/11\/bilan_leo_10-202211-212x300.jpg 212w, https:\/\/www.labozero.org\/wp-content\/uploads\/2022\/11\/bilan_leo_10-202211-768x1086.jpg 768w, https:\/\/www.labozero.org\/wp-content\/uploads\/2022\/11\/bilan_leo_10-202211-1086x1536.jpg 1086w, https:\/\/www.labozero.org\/wp-content\/uploads\/2022\/11\/bilan_leo_10-202211-1448x2048.jpg 1448w, https:\/\/www.labozero.org\/wp-content\/uploads\/2022\/11\/bilan_leo_10-202211-1568x2217.jpg 1568w, https:\/\/www.labozero.org\/wp-content\/uploads\/2022\/11\/bilan_leo_10-202211-1320x1866.jpg 1320w, https:\/\/www.labozero.org\/wp-content\/uploads\/2022\/11\/bilan_leo_10-202211-scaled.jpg 1811w\" sizes=\"auto, (max-width: 724px) 100vw, 724px\" \/><\/figure>\n\n\n\n<figure class=\"wp-block-image size-large\"><img loading=\"lazy\" decoding=\"async\" width=\"724\" height=\"1024\" data-id=\"3914\" src=\"https:\/\/www.labozero.org\/wp-content\/uploads\/2022\/11\/bilan_leo_10-202212-724x1024.jpg\" alt=\"\" class=\"wp-image-3914\" srcset=\"https:\/\/www.labozero.org\/wp-content\/uploads\/2022\/11\/bilan_leo_10-202212-724x1024.jpg 724w, https:\/\/www.labozero.org\/wp-content\/uploads\/2022\/11\/bilan_leo_10-202212-212x300.jpg 212w, https:\/\/www.labozero.org\/wp-content\/uploads\/2022\/11\/bilan_leo_10-202212-768x1086.jpg 768w, https:\/\/www.labozero.org\/wp-content\/uploads\/2022\/11\/bilan_leo_10-202212-1086x1536.jpg 1086w, https:\/\/www.labozero.org\/wp-content\/uploads\/2022\/11\/bilan_leo_10-202212-1448x2048.jpg 1448w, https:\/\/www.labozero.org\/wp-content\/uploads\/2022\/11\/bilan_leo_10-202212-1568x2217.jpg 1568w, https:\/\/www.labozero.org\/wp-content\/uploads\/2022\/11\/bilan_leo_10-202212-1320x1866.jpg 1320w, https:\/\/www.labozero.org\/wp-content\/uploads\/2022\/11\/bilan_leo_10-202212-scaled.jpg 1811w\" sizes=\"auto, (max-width: 724px) 100vw, 724px\" \/><\/figure>\n\n\n\n<figure class=\"wp-block-image size-large\"><img loading=\"lazy\" decoding=\"async\" width=\"987\" height=\"1024\" data-id=\"3922\" src=\"https:\/\/www.labozero.org\/wp-content\/uploads\/2022\/11\/bilan_leo_10-202213-1-scaled-e1669091597525-987x1024.jpg\" alt=\"\" class=\"wp-image-3922\" srcset=\"https:\/\/www.labozero.org\/wp-content\/uploads\/2022\/11\/bilan_leo_10-202213-1-scaled-e1669091597525-987x1024.jpg 987w, https:\/\/www.labozero.org\/wp-content\/uploads\/2022\/11\/bilan_leo_10-202213-1-scaled-e1669091597525-289x300.jpg 289w, https:\/\/www.labozero.org\/wp-content\/uploads\/2022\/11\/bilan_leo_10-202213-1-scaled-e1669091597525-768x797.jpg 768w, https:\/\/www.labozero.org\/wp-content\/uploads\/2022\/11\/bilan_leo_10-202213-1-scaled-e1669091597525.jpg 1003w\" sizes=\"auto, (max-width: 987px) 100vw, 987px\" \/><\/figure>\n<\/figure>\n","protected":false},"excerpt":{"rendered":"<p>Le LE\u00d8 s&rsquo;est install\u00e9 au 20 avenue Edouard Vaillant \u00e0 Pantin en avril 2019, un proc\u00e8s contre l&rsquo;EPFIDF nous a accord\u00e9 un d\u00e9lais de 3 ans et demie, un appel \u00e9galement gagn\u00e9 \u00e0 confirm\u00e9 cette d\u00e9cision de justice. Lors du conseil municipal de d\u00e9cembre 2022, les \u00e9lus de la ville de Pantin ont choisi de ne pas agir pour conserver l\u2019association sur son territoire, le LE\u00d8 a donc \u00e9t\u00e9 expuls\u00e9 de ses locaux le 14 Juin 2023. Le b\u00e2timent de 4000m2 est d\u00e9somais vide et gardienn\u00e9, la quinzaine d\u2019associations acceuillies a trouv\u00e9 refuge dans d\u2019autres villes et nous avons fait appel \u00e0 la solidarit\u00e9 intersquat pour heberger les familles. Voil\u00e0 le bilan de ces 4 ann\u00e9es incroyables !<\/p>\n","protected":false},"author":2,"featured_media":0,"parent":0,"menu_order":0,"comment_status":"closed","ping_status":"closed","template":"","meta":{"rop_custom_images_group":[],"rop_custom_messages_group":[],"rop_publish_now":"initial","rop_publish_now_accounts":[],"rop_publish_now_history":[],"rop_publish_now_status":"pending","_themeisle_gutenberg_block_has_review":false,"footnotes":""},"class_list":["post-5467","page","type-page","status-publish","hentry"],"jetpack-related-posts":[{"id":597,"url":"https:\/\/www.labozero.org\/index.php\/ils-parlent-de-nous\/","url_meta":{"origin":5467,"position":0},"title":"Ils parlent de nous !","author":"labozero","date":"7 janvier, 2019","format":false,"excerpt":"Transonore\u00a0\u00a0\"M\u00e9dia de proximit\u00e9 et de solutions\", article de Mars 2026 \"Le magasin gratuit de Noisy-le -sec\" Magasine \"Horizons\"\u00a0Janvier 2025 en page 19 Lien Transonore\u00a0\u00a0\"M\u00e9dia de proximit\u00e9 et de solutions\" podcast de d\u00e9cembre 2025 : https:\/\/transonore.fr\/le-leo\/ Participation au Livre \"Lucioles N\u00b03\" sur les parentalit\u00e9s sortit en 2024. Sortie du livre \"L'\u00e9cologie\u2026","rel":"","context":"Article similaire","block_context":{"text":"Article similaire","link":""},"img":{"alt_text":"","src":"https:\/\/i0.wp.com\/www.labozero.org\/wp-content\/uploads\/2026\/03\/WhatsApp-Image-2026-03-25-at-17.51.47-150x150.jpeg?resize=350%2C200&ssl=1","width":350,"height":200,"srcset":"https:\/\/i0.wp.com\/www.labozero.org\/wp-content\/uploads\/2026\/03\/WhatsApp-Image-2026-03-25-at-17.51.47-150x150.jpeg?resize=350%2C200&ssl=1 1x, https:\/\/i0.wp.com\/www.labozero.org\/wp-content\/uploads\/2026\/03\/WhatsApp-Image-2026-03-25-at-17.51.47-150x150.jpeg?resize=525%2C300&ssl=1 1.5x, https:\/\/i0.wp.com\/www.labozero.org\/wp-content\/uploads\/2026\/03\/WhatsApp-Image-2026-03-25-at-17.51.47-150x150.jpeg?resize=700%2C400&ssl=1 2x, https:\/\/i0.wp.com\/www.labozero.org\/wp-content\/uploads\/2026\/03\/WhatsApp-Image-2026-03-25-at-17.51.47-150x150.jpeg?resize=1050%2C600&ssl=1 3x, https:\/\/i0.wp.com\/www.labozero.org\/wp-content\/uploads\/2026\/03\/WhatsApp-Image-2026-03-25-at-17.51.47-150x150.jpeg?resize=1400%2C800&ssl=1 4x"},"classes":[]},{"id":6292,"url":"https:\/\/www.labozero.org\/index.php\/solidarite-2\/","url_meta":{"origin":5467,"position":1},"title":"Solidarit\u00e9","author":"labozero","date":"18 janvier, 2026","format":false,"excerpt":"Depuis toujours, le LEO allie \u00e9cologie et solidarit\u00e9 en redistribuant gratuitement les dons que nous collectons. Par le pass\u00e9 nous pouvions proposer de l\u2019h\u00e9bergement solidaire aujourd'hui les nouveaux locaux ne le permettent plus, aussi nous avons prioris\u00e9 nos actions autour de l'aide mat\u00e9rielle et administrative pour les personnes les plus\u2026","rel":"","context":"Article similaire","block_context":{"text":"Article similaire","link":""},"img":{"alt_text":"","src":"https:\/\/i0.wp.com\/www.labozero.org\/wp-content\/uploads\/2025\/10\/WhatsApp-Image-2025-10-30-at-13.05.43-150x150.jpeg?resize=350%2C200&ssl=1","width":350,"height":200,"srcset":"https:\/\/i0.wp.com\/www.labozero.org\/wp-content\/uploads\/2025\/10\/WhatsApp-Image-2025-10-30-at-13.05.43-150x150.jpeg?resize=350%2C200&ssl=1 1x, https:\/\/i0.wp.com\/www.labozero.org\/wp-content\/uploads\/2025\/10\/WhatsApp-Image-2025-10-30-at-13.05.43-150x150.jpeg?resize=525%2C300&ssl=1 1.5x, https:\/\/i0.wp.com\/www.labozero.org\/wp-content\/uploads\/2025\/10\/WhatsApp-Image-2025-10-30-at-13.05.43-150x150.jpeg?resize=700%2C400&ssl=1 2x, https:\/\/i0.wp.com\/www.labozero.org\/wp-content\/uploads\/2025\/10\/WhatsApp-Image-2025-10-30-at-13.05.43-150x150.jpeg?resize=1050%2C600&ssl=1 3x, https:\/\/i0.wp.com\/www.labozero.org\/wp-content\/uploads\/2025\/10\/WhatsApp-Image-2025-10-30-at-13.05.43-150x150.jpeg?resize=1400%2C800&ssl=1 4x"},"classes":[]},{"id":387,"url":"https:\/\/www.labozero.org\/index.php\/jardinage\/","url_meta":{"origin":5467,"position":2},"title":"D\u00e9sartificialisation\/renaturation","author":"labozero","date":"5 d\u00e9cembre, 2018","format":false,"excerpt":"D\u00e9j\u00e0, de quoi parle-t-on et rappel de quelques \u00e9l\u00e9ments de contexte : Avec le r\u00e9chauffement climatique, les \u00e9pisodes de forte chaleur vont s'accentuer de plus en plus, et la vie en ville va en \u00eatre tr\u00e8s impact\u00e9e, aussi il semble urgent de s'engager simultan\u00e9ment sur plusieurs points centraux\u00a0: D\u00e9simperm\u00e9abiliser les\u2026","rel":"","context":"Article similaire","block_context":{"text":"Article similaire","link":""},"img":{"alt_text":"","src":"https:\/\/i0.wp.com\/www.labozero.org\/wp-content\/uploads\/2026\/01\/WhatsApp-Image-2026-01-13-at-20.07.32-150x150.jpeg?resize=350%2C200&ssl=1","width":350,"height":200,"srcset":"https:\/\/i0.wp.com\/www.labozero.org\/wp-content\/uploads\/2026\/01\/WhatsApp-Image-2026-01-13-at-20.07.32-150x150.jpeg?resize=350%2C200&ssl=1 1x, https:\/\/i0.wp.com\/www.labozero.org\/wp-content\/uploads\/2026\/01\/WhatsApp-Image-2026-01-13-at-20.07.32-150x150.jpeg?resize=525%2C300&ssl=1 1.5x, https:\/\/i0.wp.com\/www.labozero.org\/wp-content\/uploads\/2026\/01\/WhatsApp-Image-2026-01-13-at-20.07.32-150x150.jpeg?resize=700%2C400&ssl=1 2x, https:\/\/i0.wp.com\/www.labozero.org\/wp-content\/uploads\/2026\/01\/WhatsApp-Image-2026-01-13-at-20.07.32-150x150.jpeg?resize=1050%2C600&ssl=1 3x"},"classes":[]},{"id":892,"url":"https:\/\/www.labozero.org\/index.php\/participer\/","url_meta":{"origin":5467,"position":3},"title":"Participer","author":"labozero","date":"29 juillet, 2019","format":false,"excerpt":"Vous avez envie de contribuer \u00e0 notre aventure ? Vous souhaitez imaginer avec nous le monde de demain, r\u00e9fl\u00e9chir aux alternatives, partager vos savoirs, apprendre des choses, ou simplement filer un coup de main. Venez nous aider ! Dans nos nouveaux locaux de Noisy-le-sec nous ne pouvons pas accueillir de\u2026","rel":"","context":"Article similaire","block_context":{"text":"Article similaire","link":""},"img":{"alt_text":"","src":"","width":0,"height":0},"classes":[]},{"id":189,"url":"https:\/\/www.labozero.org\/index.php\/la-gratuiterie-du-leo\/","url_meta":{"origin":5467,"position":4},"title":"La Gratuiterie","author":"labozero","date":"3 septembre, 2018","format":false,"excerpt":"La Gratuiterie du LE\u00d8 prend la forme d'un march\u00e9, petit ou grand, dans lequel est propos\u00e9 des v\u00eatements et chaussures, de la vaisselle, des bibelots, des outils, du petit \u00e9lectro-m\u00e9nager, du linge de maison, des jouets et parfois des meubles. Quelques portants, une table ou deux suffisent \u00e0 installer cet\u2026","rel":"","context":"Article similaire","block_context":{"text":"Article similaire","link":""},"img":{"alt_text":"","src":"https:\/\/i0.wp.com\/www.labozero.org\/wp-content\/uploads\/2025\/10\/WhatsApp-Image-2025-10-27-at-09.08.38-150x150.jpeg?resize=350%2C200&ssl=1","width":350,"height":200,"srcset":"https:\/\/i0.wp.com\/www.labozero.org\/wp-content\/uploads\/2025\/10\/WhatsApp-Image-2025-10-27-at-09.08.38-150x150.jpeg?resize=350%2C200&ssl=1 1x, https:\/\/i0.wp.com\/www.labozero.org\/wp-content\/uploads\/2025\/10\/WhatsApp-Image-2025-10-27-at-09.08.38-150x150.jpeg?resize=525%2C300&ssl=1 1.5x, https:\/\/i0.wp.com\/www.labozero.org\/wp-content\/uploads\/2025\/10\/WhatsApp-Image-2025-10-27-at-09.08.38-150x150.jpeg?resize=700%2C400&ssl=1 2x, https:\/\/i0.wp.com\/www.labozero.org\/wp-content\/uploads\/2025\/10\/WhatsApp-Image-2025-10-27-at-09.08.38-150x150.jpeg?resize=1050%2C600&ssl=1 3x, https:\/\/i0.wp.com\/www.labozero.org\/wp-content\/uploads\/2025\/10\/WhatsApp-Image-2025-10-27-at-09.08.38-150x150.jpeg?resize=1400%2C800&ssl=1 4x"},"classes":[]},{"id":2186,"url":"https:\/\/www.labozero.org\/","url_meta":{"origin":5467,"position":5},"title":"Le LE\u00d8 est une association\u2026","author":"labozero","date":"23 juin, 2021","format":false,"excerpt":"Le LE\u00d8 est une association depuis janvier 2019, elle est n\u00e9e de la volont\u00e9 d'allier \u00e9cologie et solidarit\u00e9 et de proposer, dans le cadre d'un espace non-marchand, des r\u00e9flexions et des actions autour des enjeux \u00e9cologiques et soci\u00e9taux. Vous pouvez d\u00e9sormais adh\u00e9rer \u00e0 l'association \u00e0 prix libre.","rel":"","context":"Article similaire","block_context":{"text":"Article similaire","link":""},"img":{"alt_text":"","src":"","width":0,"height":0},"classes":[]}],"jetpack_shortlink":"https:\/\/wp.me\/PbPs9A-1qb","jetpack_sharing_enabled":true,"_links":{"self":[{"href":"https:\/\/www.labozero.org\/index.php\/wp-json\/wp\/v2\/pages\/5467","targetHints":{"allow":["GET"]}}],"collection":[{"href":"https:\/\/www.labozero.org\/index.php\/wp-json\/wp\/v2\/pages"}],"about":[{"href":"https:\/\/www.labozero.org\/index.php\/wp-json\/wp\/v2\/types\/page"}],"author":[{"embeddable":true,"href":"https:\/\/www.labozero.org\/index.php\/wp-json\/wp\/v2\/users\/2"}],"replies":[{"embeddable":true,"href":"https:\/\/www.labozero.org\/index.php\/wp-json\/wp\/v2\/comments?post=5467"}],"version-history":[{"count":3,"href":"https:\/\/www.labozero.org\/index.php\/wp-json\/wp\/v2\/pages\/5467\/revisions"}],"predecessor-version":[{"id":5471,"href":"https:\/\/www.labozero.org\/index.php\/wp-json\/wp\/v2\/pages\/5467\/revisions\/5471"}],"wp:attachment":[{"href":"https:\/\/www.labozero.org\/index.php\/wp-json\/wp\/v2\/media?parent=5467"}],"curies":[{"name":"wp","href":"https:\/\/api.w.org\/{rel}","templated":true}]}}