{"id":2186,"date":"2021-06-23T11:32:04","date_gmt":"2021-06-23T09:32:04","guid":{"rendered":"https:\/\/www.labozero.org\/?page_id=2186"},"modified":"2026-01-21T17:10:26","modified_gmt":"2026-01-21T16:10:26","slug":"accueil-2","status":"publish","type":"page","link":"https:\/\/www.labozero.org\/","title":{"rendered":""},"content":{"rendered":"\n<p><\/p>\n\n\n\n<p class=\"has-text-align-center\"><strong>Le LE\u00d8 est une association depuis janvier 2019, elle est n\u00e9e de la volont\u00e9 d&rsquo;allier \u00e9cologie et solidarit\u00e9 et de proposer, dans le cadre d&rsquo;un espace non-marchand, des r\u00e9flexions et des actions autour des enjeux \u00e9cologiques et soci\u00e9taux.<\/strong><\/p>\n\n\n\n<p class=\"has-text-align-center\">Vous pouvez d\u00e9sormais <a href=\"https:\/\/www.helloasso.com\/associations\/laboratoire-ecologique-0dechet\/adhesions\/formulaire-d-adhesion\" data-type=\"link\" data-id=\"https:\/\/www.helloasso.com\/associations\/laboratoire-ecologique-0dechet\/adhesions\/formulaire-d-adhesion\">adh\u00e9rer \u00e0 l&rsquo;association<\/a> \u00e0 prix libre. <\/p>\n\n\n\n<p><\/p>\n\n\n\n<p><\/p>\n\n\n\n<p class=\"has-text-align-center\"><\/p>\n\n\n\n<p class=\"has-text-align-center\"><\/p>\n\n\n\n<p class=\"has-text-align-center\"><span style=\"text-decoration: underline;\"><\/span><\/p>\n\n\n\n<div class=\"wp-block-columns is-layout-flex wp-container-core-columns-is-layout-28f84493 wp-block-columns-is-layout-flex\">\n<div class=\"wp-block-column is-layout-flow wp-block-column-is-layout-flow\" style=\"flex-basis:50.66%\"><\/div>\n\n\n\n<div class=\"wp-block-column is-layout-flow wp-block-column-is-layout-flow\" style=\"flex-basis:49.33%\"><\/div>\n<\/div>\n\n\n<div class=\"is-style-tiled wp-block-themeisle-blocks-posts-grid\" id=\"wp-block-themeisle-blocks-posts-grid-16679302\"><div class=\"is-grid o-posts-grid-columns-2\"><div class=\"o-posts-grid-post-blog o-posts-grid-post-plain\" style=\"background-image: url(https:\/\/www.labozero.org\/wp-content\/uploads\/2026\/04\/image-grat.jpeg); background-size: cover; background-position: center center;\"><div class=\"o-posts-grid-post\"><div class=\"o-posts-grid-post-body\"><h1 class=\"o-posts-grid-post-title\"><a href=\"https:\/\/www.labozero.org\/index.php\/2026\/04\/30\/lagenda-de-mai\/\">L&rsquo;agenda de mai<\/a><\/h1><p class=\"o-posts-grid-post-meta\">Posted on <time datetime=\"2026-04-30T16:02:19+02:00\">30 avril, 2026<\/time> <\/p><div class=\"o-posts-grid-post-description\"><p>Ce mois-ci on va profiter du jeudi 14 mai (jour f\u00e9ri\u00e9) pour une gratuiterie Sp\u00e9ciale Enfant !! Encor\u2026<\/p><\/div><\/div><\/div><\/div><div class=\"o-posts-grid-post-blog o-posts-grid-post-plain\" style=\"background-image: url(https:\/\/www.labozero.org\/wp-content\/uploads\/2026\/04\/WhatsApp-Image-2026-04-01-at-14.14.02.jpeg); background-size: cover; background-position: center center;\"><div class=\"o-posts-grid-post\"><div class=\"o-posts-grid-post-body\"><h1 class=\"o-posts-grid-post-title\"><a href=\"https:\/\/www.labozero.org\/index.php\/2026\/04\/01\/lagenda-davril\/\">L&rsquo;agenda d&rsquo;Avril<\/a><\/h1><p class=\"o-posts-grid-post-meta\">Posted on <time datetime=\"2026-04-01T14:17:57+02:00\">1 avril, 2026<\/time> <\/p><div class=\"o-posts-grid-post-description\"><p>A partir du Mercredi 8 Avril, reprise des Gratuiteries (v\u00eatements adultes et enfants) tous les mercr\u2026<\/p><\/div><\/div><\/div><\/div><div class=\"o-posts-grid-post-blog o-posts-grid-post-plain\" style=\"background-image: url(https:\/\/www.labozero.org\/wp-content\/uploads\/2026\/03\/WhatsApp-Image-2026-03-25-at-17.04.02.jpeg); background-size: cover; background-position: center center;\"><div class=\"o-posts-grid-post\"><div class=\"o-posts-grid-post-body\"><h1 class=\"o-posts-grid-post-title\"><a href=\"https:\/\/www.labozero.org\/index.php\/2026\/03\/25\/1-week-end-2-gratuiteries\/\">1 week end = 2 Gratuiteries<\/a><\/h1><p class=\"o-posts-grid-post-meta\">Posted on <time datetime=\"2026-03-25T17:25:19+01:00\">25 mars, 2026<\/time> <\/p><div class=\"o-posts-grid-post-description\"><p>Grand week-end en perspective ! Samedi Gratuiterie au 56 Bvd de la r\u00e9publique \u00e0 Noisy-le-sec entre 1\u2026<\/p><\/div><\/div><\/div><\/div><div class=\"o-posts-grid-post-blog o-posts-grid-post-plain\" style=\"background-image: url(https:\/\/www.labozero.org\/wp-content\/uploads\/2026\/03\/WhatsApp-Image-2026-02-27-at-09.07.20.jpeg); background-size: cover; background-position: center center;\"><div class=\"o-posts-grid-post\"><div class=\"o-posts-grid-post-body\"><h1 class=\"o-posts-grid-post-title\"><a href=\"https:\/\/www.labozero.org\/index.php\/2026\/03\/02\/prochains-rdv-8\/\">Prochains RDV<\/a><\/h1><p class=\"o-posts-grid-post-meta\">Posted on <time datetime=\"2026-03-02T16:18:55+01:00\">2 mars, 2026<\/time> <\/p><div class=\"o-posts-grid-post-description\"><p>Et voil\u00e0 l&rsquo;agenda de Mars : Retour en images sur les derni\u00e8res semaines : Tri des bijoux pour \u2026<\/p><\/div><\/div><\/div><\/div><\/div> <\/div>","protected":false},"excerpt":{"rendered":"<p>Le LE\u00d8 est une association depuis janvier 2019, elle est n\u00e9e de la volont\u00e9 d&rsquo;allier \u00e9cologie et solidarit\u00e9 et de proposer, dans le cadre d&rsquo;un espace non-marchand, des r\u00e9flexions et des actions autour des enjeux \u00e9cologiques et soci\u00e9taux. Vous pouvez d\u00e9sormais adh\u00e9rer \u00e0 l&rsquo;association \u00e0 prix libre.<\/p>\n","protected":false},"author":2,"featured_media":0,"parent":0,"menu_order":0,"comment_status":"closed","ping_status":"closed","template":"","meta":{"rop_custom_images_group":[],"rop_custom_messages_group":[],"rop_publish_now":"initial","rop_publish_now_accounts":[],"rop_publish_now_history":[],"rop_publish_now_status":"pending","_themeisle_gutenberg_block_has_review":false,"footnotes":""},"class_list":["post-2186","page","type-page","status-publish","hentry"],"jetpack-related-posts":[{"id":6292,"url":"https:\/\/www.labozero.org\/index.php\/solidarite-2\/","url_meta":{"origin":2186,"position":0},"title":"Solidarit\u00e9","author":"labozero","date":"18 janvier, 2026","format":false,"excerpt":"Depuis toujours, le LEO allie \u00e9cologie et solidarit\u00e9 en redistribuant gratuitement les dons que nous collectons. Par le pass\u00e9 nous pouvions proposer de l\u2019h\u00e9bergement solidaire aujourd'hui les nouveaux locaux ne le permettent plus, aussi nous avons prioris\u00e9 nos actions autour de l'aide mat\u00e9rielle et administrative pour les personnes les plus\u2026","rel":"","context":"Article similaire","block_context":{"text":"Article similaire","link":""},"img":{"alt_text":"","src":"https:\/\/i0.wp.com\/www.labozero.org\/wp-content\/uploads\/2025\/10\/WhatsApp-Image-2025-10-30-at-13.05.43-150x150.jpeg?resize=350%2C200&ssl=1","width":350,"height":200,"srcset":"https:\/\/i0.wp.com\/www.labozero.org\/wp-content\/uploads\/2025\/10\/WhatsApp-Image-2025-10-30-at-13.05.43-150x150.jpeg?resize=350%2C200&ssl=1 1x, https:\/\/i0.wp.com\/www.labozero.org\/wp-content\/uploads\/2025\/10\/WhatsApp-Image-2025-10-30-at-13.05.43-150x150.jpeg?resize=525%2C300&ssl=1 1.5x, https:\/\/i0.wp.com\/www.labozero.org\/wp-content\/uploads\/2025\/10\/WhatsApp-Image-2025-10-30-at-13.05.43-150x150.jpeg?resize=700%2C400&ssl=1 2x, https:\/\/i0.wp.com\/www.labozero.org\/wp-content\/uploads\/2025\/10\/WhatsApp-Image-2025-10-30-at-13.05.43-150x150.jpeg?resize=1050%2C600&ssl=1 3x, https:\/\/i0.wp.com\/www.labozero.org\/wp-content\/uploads\/2025\/10\/WhatsApp-Image-2025-10-30-at-13.05.43-150x150.jpeg?resize=1400%2C800&ssl=1 4x"},"classes":[]},{"id":5467,"url":"https:\/\/www.labozero.org\/index.php\/bilan-des-annees-passees-a-pantin\/","url_meta":{"origin":2186,"position":1},"title":"Bilan des ann\u00e9es pass\u00e9es \u00e0 Pantin","author":"labozero","date":"20 octobre, 2023","format":false,"excerpt":"Le LE\u00d8 s'est install\u00e9 au 20 avenue Edouard Vaillant \u00e0 Pantin en avril 2019, un proc\u00e8s contre l'EPFIDF nous a accord\u00e9 un d\u00e9lais de 3 ans et demie, un appel \u00e9galement gagn\u00e9 \u00e0 confirm\u00e9 cette d\u00e9cision de justice. Lors du conseil municipal de d\u00e9cembre 2022, les \u00e9lus de la ville\u2026","rel":"","context":"Article similaire","block_context":{"text":"Article similaire","link":""},"img":{"alt_text":"","src":"https:\/\/i0.wp.com\/www.labozero.org\/wp-content\/uploads\/2022\/11\/bilan_leo_10-2022-150x150.jpg?resize=350%2C200&ssl=1","width":350,"height":200,"srcset":"https:\/\/i0.wp.com\/www.labozero.org\/wp-content\/uploads\/2022\/11\/bilan_leo_10-2022-150x150.jpg?resize=350%2C200&ssl=1 1x, https:\/\/i0.wp.com\/www.labozero.org\/wp-content\/uploads\/2022\/11\/bilan_leo_10-2022-150x150.jpg?resize=525%2C300&ssl=1 1.5x, https:\/\/i0.wp.com\/www.labozero.org\/wp-content\/uploads\/2022\/11\/bilan_leo_10-2022-150x150.jpg?resize=700%2C400&ssl=1 2x, https:\/\/i0.wp.com\/www.labozero.org\/wp-content\/uploads\/2022\/11\/bilan_leo_10-2022-150x150.jpg?resize=1050%2C600&ssl=1 3x, https:\/\/i0.wp.com\/www.labozero.org\/wp-content\/uploads\/2022\/11\/bilan_leo_10-2022-150x150.jpg?resize=1400%2C800&ssl=1 4x"},"classes":[]},{"id":597,"url":"https:\/\/www.labozero.org\/index.php\/ils-parlent-de-nous\/","url_meta":{"origin":2186,"position":2},"title":"Ils parlent de nous !","author":"labozero","date":"7 janvier, 2019","format":false,"excerpt":"Transonore\u00a0\u00a0\"M\u00e9dia de proximit\u00e9 et de solutions\", article de Mars 2026 \"Le magasin gratuit de Noisy-le -sec\" Magasine \"Horizons\"\u00a0Janvier 2025 en page 19 Lien Transonore\u00a0\u00a0\"M\u00e9dia de proximit\u00e9 et de solutions\" podcast de d\u00e9cembre 2025 : https:\/\/transonore.fr\/le-leo\/ Participation au Livre \"Lucioles N\u00b03\" sur les parentalit\u00e9s sortit en 2024. Sortie du livre \"L'\u00e9cologie\u2026","rel":"","context":"Article similaire","block_context":{"text":"Article similaire","link":""},"img":{"alt_text":"","src":"https:\/\/i0.wp.com\/www.labozero.org\/wp-content\/uploads\/2026\/03\/WhatsApp-Image-2026-03-25-at-17.51.47-150x150.jpeg?resize=350%2C200&ssl=1","width":350,"height":200,"srcset":"https:\/\/i0.wp.com\/www.labozero.org\/wp-content\/uploads\/2026\/03\/WhatsApp-Image-2026-03-25-at-17.51.47-150x150.jpeg?resize=350%2C200&ssl=1 1x, https:\/\/i0.wp.com\/www.labozero.org\/wp-content\/uploads\/2026\/03\/WhatsApp-Image-2026-03-25-at-17.51.47-150x150.jpeg?resize=525%2C300&ssl=1 1.5x, https:\/\/i0.wp.com\/www.labozero.org\/wp-content\/uploads\/2026\/03\/WhatsApp-Image-2026-03-25-at-17.51.47-150x150.jpeg?resize=700%2C400&ssl=1 2x, https:\/\/i0.wp.com\/www.labozero.org\/wp-content\/uploads\/2026\/03\/WhatsApp-Image-2026-03-25-at-17.51.47-150x150.jpeg?resize=1050%2C600&ssl=1 3x, https:\/\/i0.wp.com\/www.labozero.org\/wp-content\/uploads\/2026\/03\/WhatsApp-Image-2026-03-25-at-17.51.47-150x150.jpeg?resize=1400%2C800&ssl=1 4x"},"classes":[]},{"id":189,"url":"https:\/\/www.labozero.org\/index.php\/la-gratuiterie-du-leo\/","url_meta":{"origin":2186,"position":3},"title":"La Gratuiterie","author":"labozero","date":"3 septembre, 2018","format":false,"excerpt":"La Gratuiterie du LE\u00d8 prend la forme d'un march\u00e9, petit ou grand, dans lequel est propos\u00e9 des v\u00eatements et chaussures, de la vaisselle, des bibelots, des outils, du petit \u00e9lectro-m\u00e9nager, du linge de maison, des jouets et parfois des meubles. Quelques portants, une table ou deux suffisent \u00e0 installer cet\u2026","rel":"","context":"Article similaire","block_context":{"text":"Article similaire","link":""},"img":{"alt_text":"","src":"https:\/\/i0.wp.com\/www.labozero.org\/wp-content\/uploads\/2025\/10\/WhatsApp-Image-2025-10-27-at-09.08.38-150x150.jpeg?resize=350%2C200&ssl=1","width":350,"height":200,"srcset":"https:\/\/i0.wp.com\/www.labozero.org\/wp-content\/uploads\/2025\/10\/WhatsApp-Image-2025-10-27-at-09.08.38-150x150.jpeg?resize=350%2C200&ssl=1 1x, https:\/\/i0.wp.com\/www.labozero.org\/wp-content\/uploads\/2025\/10\/WhatsApp-Image-2025-10-27-at-09.08.38-150x150.jpeg?resize=525%2C300&ssl=1 1.5x, https:\/\/i0.wp.com\/www.labozero.org\/wp-content\/uploads\/2025\/10\/WhatsApp-Image-2025-10-27-at-09.08.38-150x150.jpeg?resize=700%2C400&ssl=1 2x, https:\/\/i0.wp.com\/www.labozero.org\/wp-content\/uploads\/2025\/10\/WhatsApp-Image-2025-10-27-at-09.08.38-150x150.jpeg?resize=1050%2C600&ssl=1 3x, https:\/\/i0.wp.com\/www.labozero.org\/wp-content\/uploads\/2025\/10\/WhatsApp-Image-2025-10-27-at-09.08.38-150x150.jpeg?resize=1400%2C800&ssl=1 4x"},"classes":[]},{"id":387,"url":"https:\/\/www.labozero.org\/index.php\/jardinage\/","url_meta":{"origin":2186,"position":4},"title":"D\u00e9sartificialisation\/renaturation","author":"labozero","date":"5 d\u00e9cembre, 2018","format":false,"excerpt":"D\u00e9j\u00e0, de quoi parle-t-on et rappel de quelques \u00e9l\u00e9ments de contexte : Avec le r\u00e9chauffement climatique, les \u00e9pisodes de forte chaleur vont s'accentuer de plus en plus, et la vie en ville va en \u00eatre tr\u00e8s impact\u00e9e, aussi il semble urgent de s'engager simultan\u00e9ment sur plusieurs points centraux\u00a0: D\u00e9simperm\u00e9abiliser les\u2026","rel":"","context":"Article similaire","block_context":{"text":"Article similaire","link":""},"img":{"alt_text":"","src":"https:\/\/i0.wp.com\/www.labozero.org\/wp-content\/uploads\/2026\/01\/WhatsApp-Image-2026-01-13-at-20.07.32-150x150.jpeg?resize=350%2C200&ssl=1","width":350,"height":200,"srcset":"https:\/\/i0.wp.com\/www.labozero.org\/wp-content\/uploads\/2026\/01\/WhatsApp-Image-2026-01-13-at-20.07.32-150x150.jpeg?resize=350%2C200&ssl=1 1x, https:\/\/i0.wp.com\/www.labozero.org\/wp-content\/uploads\/2026\/01\/WhatsApp-Image-2026-01-13-at-20.07.32-150x150.jpeg?resize=525%2C300&ssl=1 1.5x, https:\/\/i0.wp.com\/www.labozero.org\/wp-content\/uploads\/2026\/01\/WhatsApp-Image-2026-01-13-at-20.07.32-150x150.jpeg?resize=700%2C400&ssl=1 2x, https:\/\/i0.wp.com\/www.labozero.org\/wp-content\/uploads\/2026\/01\/WhatsApp-Image-2026-01-13-at-20.07.32-150x150.jpeg?resize=1050%2C600&ssl=1 3x"},"classes":[]},{"id":190,"url":"https:\/\/www.labozero.org\/index.php\/latelier-dauto-reparation-et-de-construction\/","url_meta":{"origin":2186,"position":5},"title":"Les ateliers d&rsquo;auto-r\u00e9paration","author":"labozero","date":"3 septembre, 2018","format":false,"excerpt":"Tout peut se r\u00e9parer (ordis, v\u00e9los, \u00e9lectrom\u00e9nager, petits meubles...) ce n'est qu'une question de temps et de comp\u00e9tences;\u00a0 les n\u00f4tres ont bien s\u00fbr leurs limites et Michel et Lise sont preneur.ses de partages avec des coll\u00e8gues experts. Apprendre \u00e0 r\u00e9parer c'est d'abord se r\u00e9approprier les objets du quotidien et lutter\u2026","rel":"","context":"Article similaire","block_context":{"text":"Article similaire","link":""},"img":{"alt_text":"","src":"https:\/\/i0.wp.com\/www.labozero.org\/wp-content\/uploads\/2025\/06\/WhatsApp-Image-2025-06-25-at-12.53.53-150x150.jpeg?resize=350%2C200&ssl=1","width":350,"height":200,"srcset":"https:\/\/i0.wp.com\/www.labozero.org\/wp-content\/uploads\/2025\/06\/WhatsApp-Image-2025-06-25-at-12.53.53-150x150.jpeg?resize=350%2C200&ssl=1 1x, https:\/\/i0.wp.com\/www.labozero.org\/wp-content\/uploads\/2025\/06\/WhatsApp-Image-2025-06-25-at-12.53.53-150x150.jpeg?resize=525%2C300&ssl=1 1.5x, https:\/\/i0.wp.com\/www.labozero.org\/wp-content\/uploads\/2025\/06\/WhatsApp-Image-2025-06-25-at-12.53.53-150x150.jpeg?resize=700%2C400&ssl=1 2x, https:\/\/i0.wp.com\/www.labozero.org\/wp-content\/uploads\/2025\/06\/WhatsApp-Image-2025-06-25-at-12.53.53-150x150.jpeg?resize=1050%2C600&ssl=1 3x"},"classes":[]}],"jetpack_shortlink":"https:\/\/wp.me\/PbPs9A-zg","jetpack_sharing_enabled":true,"_links":{"self":[{"href":"https:\/\/www.labozero.org\/index.php\/wp-json\/wp\/v2\/pages\/2186","targetHints":{"allow":["GET"]}}],"collection":[{"href":"https:\/\/www.labozero.org\/index.php\/wp-json\/wp\/v2\/pages"}],"about":[{"href":"https:\/\/www.labozero.org\/index.php\/wp-json\/wp\/v2\/types\/page"}],"author":[{"embeddable":true,"href":"https:\/\/www.labozero.org\/index.php\/wp-json\/wp\/v2\/users\/2"}],"replies":[{"embeddable":true,"href":"https:\/\/www.labozero.org\/index.php\/wp-json\/wp\/v2\/comments?post=2186"}],"version-history":[{"count":25,"href":"https:\/\/www.labozero.org\/index.php\/wp-json\/wp\/v2\/pages\/2186\/revisions"}],"predecessor-version":[{"id":6375,"href":"https:\/\/www.labozero.org\/index.php\/wp-json\/wp\/v2\/pages\/2186\/revisions\/6375"}],"wp:attachment":[{"href":"https:\/\/www.labozero.org\/index.php\/wp-json\/wp\/v2\/media?parent=2186"}],"curies":[{"name":"wp","href":"https:\/\/api.w.org\/{rel}","templated":true}]}}